{"id":84,"date":"2022-11-22T17:56:48","date_gmt":"2022-11-22T17:56:48","guid":{"rendered":"https:\/\/lepcsok.eu\/?page_id=84"},"modified":"2024-01-08T00:36:14","modified_gmt":"2024-01-08T00:36:14","slug":"84-2","status":"publish","type":"page","link":"https:\/\/lepcsok.eu\/?page_id=84","title":{"rendered":"L\u00e9pcs\u0151 sz\u00e1m\u00edt\u00e1s &#8211; nem is olyan bonyolult"},"content":{"rendered":"\t\t<div data-elementor-type=\"wp-page\" data-elementor-id=\"84\" class=\"elementor elementor-84\" data-elementor-post-type=\"page\">\n\t\t\t\t\t\t<section class=\"elementor-section elementor-top-section elementor-element elementor-element-5a434ad elementor-section-boxed elementor-section-height-default elementor-section-height-default\" data-id=\"5a434ad\" data-element_type=\"section\" data-settings=\"{&quot;background_background&quot;:&quot;classic&quot;}\">\n\t\t\t\t\t\t\t<div class=\"elementor-background-overlay\"><\/div>\n\t\t\t\t\t\t\t<div class=\"elementor-container elementor-column-gap-default\">\n\t\t\t\t\t<div class=\"elementor-column elementor-col-100 elementor-top-column elementor-element elementor-element-8493eed\" data-id=\"8493eed\" data-element_type=\"column\">\n\t\t\t<div class=\"elementor-widget-wrap elementor-element-populated\">\n\t\t\t\t\t\t<div class=\"elementor-element elementor-element-69f8176 elementor-widget elementor-widget-text-editor\" data-id=\"69f8176\" data-element_type=\"widget\" data-widget_type=\"text-editor.default\">\n\t\t\t\t<div class=\"elementor-widget-container\">\n\t\t\t<style>\/*! elementor - v3.19.0 - 28-02-2024 *\/\n.elementor-widget-text-editor.elementor-drop-cap-view-stacked .elementor-drop-cap{background-color:#69727d;color:#fff}.elementor-widget-text-editor.elementor-drop-cap-view-framed .elementor-drop-cap{color:#69727d;border:3px solid;background-color:transparent}.elementor-widget-text-editor:not(.elementor-drop-cap-view-default) .elementor-drop-cap{margin-top:8px}.elementor-widget-text-editor:not(.elementor-drop-cap-view-default) .elementor-drop-cap-letter{width:1em;height:1em}.elementor-widget-text-editor .elementor-drop-cap{float:left;text-align:center;line-height:1;font-size:50px}.elementor-widget-text-editor .elementor-drop-cap-letter{display:inline-block}<\/style>\t\t\t\t<p>L\u00e9pcs\u0151 sz\u00e1m\u00edt\u00e1s <span style=\"text-decoration: underline;\"><strong>tervez\u00e9skor<\/strong><\/span>:<br \/>Erre a k\u00e9pre kattintson, ha szeretn\u00e9 megtudni, hogy mekkora l\u00e9pcs\u0151j\u00e9nek helyig\u00e9nye.<br \/><a href=\"https:\/\/lepcsok.eu\/?page_id=3155\"><img fetchpriority=\"high\" decoding=\"async\" class=\"aligncenter wp-image-2438 size-full\" src=\"https:\/\/lepcsok.eu\/wp-content\/uploads\/2023\/01\/lepcsoszamitas0.jpg\" alt=\"l\u00e9pcs\u0151sz\u00e1m\u00edt\u00e1s 1\" width=\"600\" height=\"445\" srcset=\"https:\/\/lepcsok.eu\/wp-content\/uploads\/2023\/01\/lepcsoszamitas0.jpg 600w, https:\/\/lepcsok.eu\/wp-content\/uploads\/2023\/01\/lepcsoszamitas0-300x223.jpg 300w\" sizes=\"(max-width: 600px) 100vw, 600px\" \/><\/a><\/p>\t\t\t\t\t\t<\/div>\n\t\t\t\t<\/div>\n\t\t\t\t<div class=\"elementor-element elementor-element-dab3586 elementor-widget elementor-widget-text-editor\" data-id=\"dab3586\" data-element_type=\"widget\" data-widget_type=\"text-editor.default\">\n\t\t\t\t<div class=\"elementor-widget-container\">\n\t\t\t\t\t\t\t<h4 style=\"text-align: center;\"><strong>A k\u00e9pletek a <span style=\"color: #ff0000;\">piros<\/span> kiindul\u00e1si m\u00e9retekb\u0151l <\/strong><br \/><strong>sz\u00e1molj\u00e1k ki a <span style=\"color: #339966;\">z\u00f6ld<\/span> \u00e9rt\u00e9keket.<\/strong><\/h4>\t\t\t\t\t\t<\/div>\n\t\t\t\t<\/div>\n\t\t\t\t\t<\/div>\n\t\t<\/div>\n\t\t\t\t\t<\/div>\n\t\t<\/section>\n\t\t\t\t<section class=\"elementor-section elementor-top-section elementor-element elementor-element-4b891e3 elementor-section-boxed elementor-section-height-default elementor-section-height-default\" data-id=\"4b891e3\" data-element_type=\"section\" data-settings=\"{&quot;background_background&quot;:&quot;classic&quot;}\">\n\t\t\t\t\t\t\t<div class=\"elementor-background-overlay\"><\/div>\n\t\t\t\t\t\t\t<div class=\"elementor-container elementor-column-gap-default\">\n\t\t\t\t\t<div class=\"elementor-column elementor-col-100 elementor-top-column elementor-element elementor-element-4d5af71\" data-id=\"4d5af71\" data-element_type=\"column\">\n\t\t\t<div class=\"elementor-widget-wrap elementor-element-populated\">\n\t\t\t\t\t\t<div class=\"elementor-element elementor-element-1b61c63 elementor-widget elementor-widget-text-editor\" data-id=\"1b61c63\" data-element_type=\"widget\" data-widget_type=\"text-editor.default\">\n\t\t\t\t<div class=\"elementor-widget-container\">\n\t\t\t\t\t\t\t<p>L\u00e9pcs\u0151 sz\u00e1m\u00edt\u00e1s <span style=\"text-decoration: underline;\"><strong>kivitelez\u00e9skor<\/strong><\/span>:<br \/>Erre a k\u00e9pre kattintson, ha ki szeretn\u00e9 sz\u00e1molni, hogy a m\u00e1r adott helyre milyen l\u00e9pcs\u0151 tervezhet\u0151.<a href=\"https:\/\/lepcsok.eu\/?page_id=3099\"><img decoding=\"async\" class=\"aligncenter wp-image-3102 size-full\" src=\"https:\/\/lepcsok.eu\/wp-content\/uploads\/2023\/02\/lepcsoszamitas03.jpg\" alt=\"l\u00e9pcs\u0151sz\u00e1m\u00edt\u00e1s 2\" width=\"600\" height=\"445\" srcset=\"https:\/\/lepcsok.eu\/wp-content\/uploads\/2023\/02\/lepcsoszamitas03.jpg 600w, https:\/\/lepcsok.eu\/wp-content\/uploads\/2023\/02\/lepcsoszamitas03-300x223.jpg 300w\" sizes=\"(max-width: 600px) 100vw, 600px\" \/><\/a><\/p>\t\t\t\t\t\t<\/div>\n\t\t\t\t<\/div>\n\t\t\t\t\t<\/div>\n\t\t<\/div>\n\t\t\t\t\t<\/div>\n\t\t<\/section>\n\t\t\t\t<section class=\"elementor-section elementor-top-section elementor-element elementor-element-47b7516 elementor-section-boxed elementor-section-height-default elementor-section-height-default\" data-id=\"47b7516\" data-element_type=\"section\" data-settings=\"{&quot;background_background&quot;:&quot;classic&quot;}\">\n\t\t\t\t\t\t\t<div class=\"elementor-background-overlay\"><\/div>\n\t\t\t\t\t\t\t<div class=\"elementor-container elementor-column-gap-default\">\n\t\t\t\t\t<div class=\"elementor-column elementor-col-100 elementor-top-column elementor-element elementor-element-9007947\" data-id=\"9007947\" data-element_type=\"column\">\n\t\t\t<div class=\"elementor-widget-wrap elementor-element-populated\">\n\t\t\t\t\t\t<div class=\"elementor-element elementor-element-786c4a9 elementor-widget elementor-widget-text-editor\" data-id=\"786c4a9\" data-element_type=\"widget\" data-widget_type=\"text-editor.default\">\n\t\t\t\t<div class=\"elementor-widget-container\">\n\t\t\t\t\t\t\t<p>Egy l\u00e9pcs\u0151 kivitelez\u00e9sekor az itt kapott \u00e9rt\u00e9kek \u00e9ppen csak a els\u0151 l\u00e9legzetv\u00e9telnek tekinthet\u0151k.<\/p><p style=\"text-align: center;\"><a href=\"https:\/\/lepcsok.eu\/?page_id=3423\">Egy igazi l\u00e9pcs\u0151 tervez\u00e9s \u00e9s kivitelez\u00e9s \u00edgy zajlik.<\/a><\/p>\t\t\t\t\t\t<\/div>\n\t\t\t\t<\/div>\n\t\t\t\t<div class=\"elementor-element elementor-element-b518dac elementor-widget elementor-widget-text-editor\" data-id=\"b518dac\" data-element_type=\"widget\" data-widget_type=\"text-editor.default\">\n\t\t\t\t<div class=\"elementor-widget-container\">\n\t\t\t\t\t\t\t<p style=\"text-align: left;\">Ha t\u00fal kev\u00e9s a hely\u00fcnk, \u00e9s a fenti k\u00e9pletek nem seg\u00edtenek, aj\u00e1nlom figyelm\u00e9be a helytakar\u00e9kos l\u00e9pcs\u0151ket. B\u0151vebben err\u0151l itt olvashat:<\/p><p style=\"text-align: center;\"><a href=\"https:\/\/lepcsok.eu\/?page_id=694\">Helytakar\u00e9kos l\u00e9pcs\u0151k<\/a><\/p>\t\t\t\t\t\t<\/div>\n\t\t\t\t<\/div>\n\t\t\t\t<div class=\"elementor-element elementor-element-59973cf elementor-widget elementor-widget-text-editor\" data-id=\"59973cf\" data-element_type=\"widget\" data-widget_type=\"text-editor.default\">\n\t\t\t\t<div class=\"elementor-widget-container\">\n\t\t\t\t\t\t\t<p>Kikapcsol\u00f3d\u00e1sul, egy kis korl\u00e1tlan l\u00e9pcs\u0151z\u00e9s.<\/p>\t\t\t\t\t\t<\/div>\n\t\t\t\t<\/div>\n\t\t\t\t<div class=\"elementor-element elementor-element-ce57f84 elementor-widget elementor-widget-video\" data-id=\"ce57f84\" data-element_type=\"widget\" data-settings=\"{&quot;youtube_url&quot;:&quot;https:\\\/\\\/www.youtube.com\\\/watch?v=x_DA3dgRSrw&quot;,&quot;video_type&quot;:&quot;youtube&quot;,&quot;controls&quot;:&quot;yes&quot;}\" data-widget_type=\"video.default\">\n\t\t\t\t<div class=\"elementor-widget-container\">\n\t\t\t<style>\/*! elementor - v3.19.0 - 28-02-2024 *\/\n.elementor-widget-video .elementor-widget-container{overflow:hidden;transform:translateZ(0)}.elementor-widget-video .elementor-wrapper{aspect-ratio:var(--video-aspect-ratio)}.elementor-widget-video .elementor-wrapper iframe,.elementor-widget-video .elementor-wrapper video{height:100%;width:100%;display:flex;border:none;background-color:#000}@supports not (aspect-ratio:1\/1){.elementor-widget-video .elementor-wrapper{position:relative;overflow:hidden;height:0;padding-bottom:calc(100% \/ var(--video-aspect-ratio))}.elementor-widget-video .elementor-wrapper iframe,.elementor-widget-video .elementor-wrapper video{position:absolute;top:0;right:0;bottom:0;left:0}}.elementor-widget-video .elementor-open-inline .elementor-custom-embed-image-overlay{position:absolute;top:0;right:0;bottom:0;left:0;background-size:cover;background-position:50%}.elementor-widget-video .elementor-custom-embed-image-overlay{cursor:pointer;text-align:center}.elementor-widget-video .elementor-custom-embed-image-overlay:hover .elementor-custom-embed-play i{opacity:1}.elementor-widget-video .elementor-custom-embed-image-overlay img{display:block;width:100%;aspect-ratio:var(--video-aspect-ratio);-o-object-fit:cover;object-fit:cover;-o-object-position:center center;object-position:center center}@supports not (aspect-ratio:1\/1){.elementor-widget-video .elementor-custom-embed-image-overlay{position:relative;overflow:hidden;height:0;padding-bottom:calc(100% \/ var(--video-aspect-ratio))}.elementor-widget-video .elementor-custom-embed-image-overlay img{position:absolute;top:0;right:0;bottom:0;left:0}}.elementor-widget-video .e-hosted-video .elementor-video{-o-object-fit:cover;object-fit:cover}.e-con-inner>.elementor-widget-video,.e-con>.elementor-widget-video{width:var(--container-widget-width);--flex-grow:var(--container-widget-flex-grow)}<\/style>\t\t<div class=\"elementor-wrapper elementor-open-inline\">\n\t\t\t<div class=\"elementor-video\"><\/div>\t\t<\/div>\n\t\t\t\t<\/div>\n\t\t\t\t<\/div>\n\t\t\t\t\t<\/div>\n\t\t<\/div>\n\t\t\t\t\t<\/div>\n\t\t<\/section>\n\t\t\t\t<\/div>\n\t\t","protected":false},"excerpt":{"rendered":"<p>L\u00e9pcs\u0151 sz\u00e1m\u00edt\u00e1s tervez\u00e9skor:Erre a k\u00e9pre kattintson, ha szeretn\u00e9 megtudni, hogy mekkora l\u00e9pcs\u0151j\u00e9nek helyig\u00e9nye. A k\u00e9pletek a piros kiindul\u00e1si m\u00e9retekb\u0151l sz\u00e1molj\u00e1k ki a z\u00f6ld \u00e9rt\u00e9keket. L\u00e9pcs\u0151 sz\u00e1m\u00edt\u00e1s kivitelez\u00e9skor:Erre a k\u00e9pre kattintson, ha ki szeretn\u00e9 sz\u00e1molni, hogy a m\u00e1r adott helyre milyen l\u00e9pcs\u0151 tervezhet\u0151. Egy l\u00e9pcs\u0151 kivitelez\u00e9sekor az itt kapott \u00e9rt\u00e9kek \u00e9ppen csak a els\u0151 l\u00e9legzetv\u00e9telnek tekinthet\u0151k. [&hellip;]<\/p>\n","protected":false},"author":1,"featured_media":44,"parent":0,"menu_order":0,"comment_status":"open","ping_status":"closed","template":"elementor_header_footer","meta":{"om_disable_all_campaigns":false,"_monsterinsights_skip_tracking":false,"_monsterinsights_sitenote_active":false,"_monsterinsights_sitenote_note":"","_monsterinsights_sitenote_category":0,"footnotes":""},"class_list":["post-84","page","type-page","status-publish","has-post-thumbnail","hentry"],"aioseo_notices":[],"_links":{"self":[{"href":"https:\/\/lepcsok.eu\/index.php?rest_route=\/wp\/v2\/pages\/84","targetHints":{"allow":["GET"]}}],"collection":[{"href":"https:\/\/lepcsok.eu\/index.php?rest_route=\/wp\/v2\/pages"}],"about":[{"href":"https:\/\/lepcsok.eu\/index.php?rest_route=\/wp\/v2\/types\/page"}],"author":[{"embeddable":true,"href":"https:\/\/lepcsok.eu\/index.php?rest_route=\/wp\/v2\/users\/1"}],"replies":[{"embeddable":true,"href":"https:\/\/lepcsok.eu\/index.php?rest_route=%2Fwp%2Fv2%2Fcomments&post=84"}],"version-history":[{"count":352,"href":"https:\/\/lepcsok.eu\/index.php?rest_route=\/wp\/v2\/pages\/84\/revisions"}],"predecessor-version":[{"id":6545,"href":"https:\/\/lepcsok.eu\/index.php?rest_route=\/wp\/v2\/pages\/84\/revisions\/6545"}],"wp:featuredmedia":[{"embeddable":true,"href":"https:\/\/lepcsok.eu\/index.php?rest_route=\/wp\/v2\/media\/44"}],"wp:attachment":[{"href":"https:\/\/lepcsok.eu\/index.php?rest_route=%2Fwp%2Fv2%2Fmedia&parent=84"}],"curies":[{"name":"wp","href":"https:\/\/api.w.org\/{rel}","templated":true}]}}