{"id":7631,"date":"2024-07-31T14:45:07","date_gmt":"2024-07-31T14:45:07","guid":{"rendered":"https:\/\/lepcsok.eu\/?page_id=7631"},"modified":"2025-03-07T13:05:53","modified_gmt":"2025-03-07T13:05:53","slug":"priestorovo-usporne-schody-dolezite-informacie","status":"publish","type":"page","link":"https:\/\/lepcsok.eu\/?page_id=7631","title":{"rendered":"Priestorovo \u00fasporne schody &#8211; d\u00f4le\u017eit\u00e9 inform\u00e1cie"},"content":{"rendered":"\t\t<div data-elementor-type=\"wp-page\" data-elementor-id=\"7631\" class=\"elementor elementor-7631\" data-elementor-post-type=\"page\">\n\t\t\t\t\t\t<section class=\"elementor-section elementor-top-section elementor-element elementor-element-03d9683 elementor-section-boxed elementor-section-height-default elementor-section-height-default\" data-id=\"03d9683\" data-element_type=\"section\">\n\t\t\t\t\t\t<div class=\"elementor-container elementor-column-gap-default\">\n\t\t\t\t\t<div class=\"elementor-column elementor-col-100 elementor-top-column elementor-element elementor-element-867ad7c\" data-id=\"867ad7c\" data-element_type=\"column\">\n\t\t\t<div class=\"elementor-widget-wrap elementor-element-populated\">\n\t\t\t\t\t\t<div class=\"elementor-element elementor-element-7b30b71 elementor-widget elementor-widget-text-editor\" data-id=\"7b30b71\" data-element_type=\"widget\" data-widget_type=\"text-editor.default\">\n\t\t\t\t<div class=\"elementor-widget-container\">\n\t\t\t<style>\/*! elementor - v3.19.0 - 28-02-2024 *\/\n.elementor-widget-text-editor.elementor-drop-cap-view-stacked .elementor-drop-cap{background-color:#69727d;color:#fff}.elementor-widget-text-editor.elementor-drop-cap-view-framed .elementor-drop-cap{color:#69727d;border:3px solid;background-color:transparent}.elementor-widget-text-editor:not(.elementor-drop-cap-view-default) .elementor-drop-cap{margin-top:8px}.elementor-widget-text-editor:not(.elementor-drop-cap-view-default) .elementor-drop-cap-letter{width:1em;height:1em}.elementor-widget-text-editor .elementor-drop-cap{float:left;text-align:center;line-height:1;font-size:50px}.elementor-widget-text-editor .elementor-drop-cap-letter{display:inline-block}<\/style>\t\t\t\t<p style=\"text-align: right;\"><a href=\"https:\/\/lepcsok.eu\/?page_id=694\">Az oldal magyarul<\/a><\/p><p style=\"text-align: left;\">Schody? Rebr\u00edk? Priestorovo \u00fasporne schody?<\/p><p>\u010co robi\u0165, ke\u010f je m\u00e1lo miesta.<\/p><p>V praxi sa \u010dasto stret\u00e1vame so situ\u00e1ciou, ke\u010f je miesto ur\u010den\u00e9 pre schody tak mal\u00e9, \u017ee ani \u017eiadne kompromisy neved\u00fa k schodom, ktor\u00e9 by splnili minim\u00e1lne po\u017eiadavky predpisov. V skuto\u010dnosti by sa na toto miesto hodil rebr\u00edk.<\/p><p align=\"center\"><img decoding=\"async\" style=\"cursor: default; width: 250px;\" src=\"https:\/\/lepcsok.eu\/wp-content\/uploads\/2023\/01\/20210609_183220.jpg\" alt=\"20210609_183220.jpg\" \/><\/p><p>Na rebr\u00edku sa d\u00e1 pohybova\u0165 smerom nadol iba c\u00favan\u00edm, zatia\u013e \u010do na schodoch by sme mali by\u0165 schopn\u00ed bezpe\u010dne klesa\u0165 aj smerom dopredu.<br \/>Pri sch\u00e1dzan\u00ed potrebuje dospel\u00fd \u010dlovek minim\u00e1lne 21 cm schod\u00edka (+ 4 cm presahu), aby sa pri pohybe c\u00edtil aspo\u0148 minim\u00e1lne bezpe\u010dne. (d\u013a\u017eka podr\u00e1\u017eky top\u00e1nky ve\u013ekosti 43 je pribli\u017ene 31 cm)<\/p><p align=\"center\"><img decoding=\"async\" src=\"https:\/\/lepcsok.eu\/wp-content\/uploads\/2023\/01\/01235864165.jpg\" alt=\"01235864165.jpg\" data-cke-saved-src=\"\/img\/picture\/643\/01235864165.jpg\" \/><\/p><p>D\u00f4le\u017eit\u00e9! N\u00e1\u0161\u013eapn\u00fa hranu m\u00f4\u017eeme zaobli\u0165 alebo zrazi\u0165 iba 10mm (pod\u013ea normy), \u010do sa mi zd\u00e1 pr\u00edli\u0161. Odpor\u00fa\u010dam zaoblenie alebo zrazenie hrany maximalne 4-6 mm. Na n\u00e1stupnej hrane schod\u00edkov by nemali by\u0165 \u017eiadne &#8222;dekorat\u00edvne&#8221; vzory. S tak\u00fdmito pr\u00edpadmi som sa u\u017e viackr\u00e1t stretol.<br \/><img fetchpriority=\"high\" decoding=\"async\" class=\"aligncenter wp-image-6470\" src=\"https:\/\/lepcsok.eu\/wp-content\/uploads\/2024\/01\/img_20210503_111104.jpg\" alt=\"\" width=\"650\" height=\"530\" srcset=\"https:\/\/lepcsok.eu\/wp-content\/uploads\/2024\/01\/img_20210503_111104.jpg 935w, https:\/\/lepcsok.eu\/wp-content\/uploads\/2024\/01\/img_20210503_111104-300x244.jpg 300w, https:\/\/lepcsok.eu\/wp-content\/uploads\/2024\/01\/img_20210503_111104-768x626.jpg 768w\" sizes=\"(max-width: 650px) 100vw, 650px\" \/><\/p><p>V pr\u00edpade, \u017ee kv\u00f4li nedostatku miesta nie je mo\u017en\u00e9 navrhn\u00fa\u0165 schody, ktor\u00e9 by dosiahli t\u00fato minim\u00e1lnu hodnotu, zv\u00e1\u017ete tieto mo\u017enosti:<\/p><p>1. Zv\u00fd\u0161enie ve\u013ekosti otvoru v stropnej doske.<\/p><p>2. Zrazenie spodnej hrany otvoru v stropnej doske.<img decoding=\"async\" class=\"aligncenter size-full wp-image-6497\" src=\"https:\/\/lepcsok.eu\/wp-content\/uploads\/2024\/01\/20210722_132724.jpg\" alt=\"\" width=\"800\" height=\"380\" srcset=\"https:\/\/lepcsok.eu\/wp-content\/uploads\/2024\/01\/20210722_132724.jpg 800w, https:\/\/lepcsok.eu\/wp-content\/uploads\/2024\/01\/20210722_132724-300x143.jpg 300w, https:\/\/lepcsok.eu\/wp-content\/uploads\/2024\/01\/20210722_132724-768x365.jpg 768w\" sizes=\"(max-width: 800px) 100vw, 800px\" \/><\/p><p>3. Zapustenie horn\u00e9ho schod\u00edka do podlahy.<\/p><p><img decoding=\"async\" class=\"aligncenter wp-image-6501\" src=\"https:\/\/lepcsok.eu\/wp-content\/uploads\/2024\/01\/20210612_100136_resized-768x1024.jpg\" alt=\"\" width=\"600\" height=\"800\" srcset=\"https:\/\/lepcsok.eu\/wp-content\/uploads\/2024\/01\/20210612_100136_resized-768x1024.jpg 768w, https:\/\/lepcsok.eu\/wp-content\/uploads\/2024\/01\/20210612_100136_resized-225x300.jpg 225w, https:\/\/lepcsok.eu\/wp-content\/uploads\/2024\/01\/20210612_100136_resized.jpg 800w\" sizes=\"(max-width: 600px) 100vw, 600px\" \/><\/p><p>4. Pri to\u010dit\u00fdch schodoch m\u00f4\u017ee pom\u00f4c\u0165 aj z\u00fa\u017eenie schodiskov\u00e9ho ramena. Pr\u00edklad n\u00e1jdete <a href=\"https:\/\/lepcsok.eu\/?page_id=4430\">TU<\/a>.<\/p><p>5. Presunutie schodov na in\u00e9, vhodnej\u0161ie miesto.<\/p><p>6. Zamyslite sa, \u010di skuto\u010dne potrebujete schody. Mo\u017eno na dan\u00fd \u00fa\u010del posta\u010d\u00ed aj rebr\u00edk.<\/p><p><strong>Ak ste u\u017e skuto\u010dne zv\u00e1\u017eili v\u0161etky mo\u017enosti, potom a len potom m\u00f4\u017eu prich\u00e1dza\u0165 do \u00favahy obkro\u010dn\u00e9 schody.<\/strong><\/p><p>Z\u00e1kladn\u00e1 koncepcia je ve\u013emi jednoduch\u00e1. Navrhnite ve\u013emi strm\u00e9 schody s mal\u00fdmi n\u00e1stupn\u00fdmi plochami, dodr\u017euj\u00fac Blondelov vzorec 2x v\u00fd\u0161ka + n\u00e1stupn\u00e1 plocha = 63 cm. Potom vyre\u017ete kus z \u013eavej strany ka\u017ed\u00e9ho p\u00e1rneho schod\u00edka a prilepte ho na prav\u00fa stranu ka\u017ed\u00e9ho nep\u00e1rneho schod\u00edka, \u010d\u00edm zv\u00e4\u010d\u0161\u00edte jeho plochu. (P\u00e1rne-nep\u00e1rne, prav\u00e1-\u013eav\u00e1 strana sa d\u00e1 zameni\u0165.) Ak takto zv\u00e4\u010d\u0161en\u00e1 plocha dosiahne 23 cm, schody s\u00fa hotov\u00e9.<\/p><p>Mnoh\u00ed zbyto\u010dne komplikuj\u00fa n\u00e1vrh. Naj\u010dastej\u0161ou chybou je, \u017ee za n\u00e1stupn\u00fa plochu pova\u017euj\u00fa u\u017e roz\u0161\u00edren\u00fa h\u013abku schod\u00edka. Takto namiesto po\u017eadovan\u00fdch 63 cm \u010dasto dostan\u00fa len 45-50 cm, \u010do zodpoved\u00e1 detsk\u00e9mu kroku. Tak\u00fdto krok je typick\u00fd pre schody na ihrisk\u00e1ch, ved\u00face k \u0161myk\u013eavk\u00e1m. Nespr\u00e1vne navrhnut\u00e9 obkro\u010dn\u00e9 schody sp\u00f4sobuj\u00fa ich neopr\u00e1vnene zl\u00fa poves\u0165. Spr\u00e1vne geometricky navrhnut\u00e9 tak\u00e9to schody s\u00fa prekvapivo dobre pou\u017eite\u013en\u00e9. (Omylom ich volaj\u00fa aj mlyn\u00e1rske schody.)<\/p><p><strong>V\u00fdhody obkro\u010dn\u00fdch schodov:<\/strong><\/p><p>1. Skuto\u010dne dosiahneme ve\u013ek\u00fa strmos\u0165.<\/p><p align=\"center\"><img decoding=\"async\" style=\"height: 600px; cursor: default; width: 450px;\" src=\"https:\/\/lepcsok.eu\/wp-content\/uploads\/2023\/01\/pd_7_file_010.jpg\" alt=\"pd_7_file_010.jpg\" data-cke-saved-src=\"\/img\/picture\/648\/pd_7_file_010.jpg\" \/><\/p><p>2. V podstate ich mo\u017eno realizova\u0165 na mieste ve\u013ekosti &#8222;rebr\u00edka&#8221;.<\/p><p><strong>Nev\u00fdhody miesto \u0161etriacich schodov:<\/strong><\/p><p>1. Nezvy\u010dajn\u00e1 forma pohybu. Na schody m\u00f4\u017eeme vst\u00fapi\u0165 len ur\u010denou nohou.<\/p><p><img decoding=\"async\" class=\"aligncenter\" style=\"height: 469px; cursor: default; width: 600px;\" src=\"https:\/\/lepcsok.eu\/wp-content\/uploads\/2023\/01\/pd_14_file_009.jpg\" alt=\"pd_14_file_009.jpg\" data-cke-saved-src=\"\/img\/picture\/649\/pd_14_file_009.jpg\" \/><\/p><p>2. Pre deti m\u00f4\u017eu by\u0165 skuto\u010dne nebezpe\u010dn\u00e9. Men\u0161ie deti e\u0161te nevedia tieto schody spr\u00e1vne pou\u017e\u00edva\u0165 (jedna noha &#8211; jeden schod).<\/p><p>3. Z d\u00f4vodu strmosti m\u00f4\u017ee pr\u00edpadn\u00e9 zakopnutie sp\u00f4sobi\u0165 v\u00e1\u017enej\u0161\u00ed p\u00e1d a jeho n\u00e1sledky.<\/p><p>4. Pri sch\u00e1dzan\u00ed m\u00f4\u017eu ma\u0165 \u013eudia trpiaci z\u00e1vratmi nepr\u00edjemn\u00fd pocit z otvorenej h\u013abky pred nimi.<\/p><p><strong>Nebezpe\u010denstvo \u00farazu m\u00f4\u017eeme zmierni\u0165, ak zabezpe\u010d\u00edme pevn\u00e9 z\u00e1bradlia na oboch stran\u00e1ch schodov. Pr\u00edpadne m\u00f4\u017eeme nad schody zavesi\u0165 hrub\u0161\u00ed (3-5 cm) povraz.<\/strong><\/p><p>Existuje viacero mo\u017enost\u00ed, ako navrhn\u00fa\u0165 schod\u00edky.<br \/>Tradi\u010dne, zaobleny:<\/p><p align=\"center\"><img decoding=\"async\" style=\"height: 600px; cursor: default; width: 450px;\" src=\"https:\/\/lepcsok.eu\/wp-content\/uploads\/2023\/01\/pd_13_file_011.jpg\" alt=\"pd_13_file_011.jpg\" data-cke-saved-src=\"\/img\/picture\/650\/pd_13_file_011.jpg\" \/><\/p><p>alebo posunut\u00e9:<br \/><img decoding=\"async\" class=\"aligncenter\" style=\"height: 950px; cursor: default; width: 450px;\" src=\"https:\/\/lepcsok.eu\/wp-content\/uploads\/2023\/01\/pd_18_file_011.jpg\" alt=\"pd_18_file_011.jpg\" data-cke-saved-src=\"\/img\/picture\/651\/pd_18_file_011.jpg\" \/><\/p><p>Neodpor\u00fa\u010dam trojuholn\u00edkov\u00e9 schod\u00edky, preto\u017ee na nich mo\u017eno chodi\u0165 takmer iba v \u0161irokom postoji.<\/p><p align=\"center\"><img decoding=\"async\" style=\"height: 674px; cursor: default; width: 450px;\" src=\"https:\/\/lepcsok.eu\/wp-content\/uploads\/2023\/01\/inline_resized_1024_5ba2603dcd937_283980.jpg\" alt=\"inline_resized_1024_5ba2603dcd937_283980.jpg\" data-cke-saved-src=\"\/img\/picture\/652\/inline_resized_1024_5ba2603dcd937_283980.jpg\" \/><img decoding=\"async\" style=\"height: 568px; cursor: default; width: 450px;\" src=\"https:\/\/lepcsok.eu\/wp-content\/uploads\/2023\/01\/3d546b1f7f040e6c0cb2cf0200fed74a.jpg\" alt=\"3d546b1f7f040e6c0cb2cf0200fed74a.jpg\" data-cke-saved-src=\"\/img\/picture\/653\/3d546b1f7f040e6c0cb2cf0200fed74a.jpg\" \/><\/p><p>Podobn\u00fd probl\u00e9m m\u00e1 aj internetovo ve\u013emi popul\u00e1rne schodisko navrhnut\u00e9 \u010desk\u00fdmi architektmi HSH.<br \/><img loading=\"lazy\" decoding=\"async\" class=\"aligncenter\" style=\"cursor: default;\" src=\"https:\/\/lepcsok.eu\/wp-content\/uploads\/2023\/01\/902dde63ab0e36f8235c1073db90a6fe.jpg\" alt=\"902dde63ab0e36f8235c1073db90a6fe.jpg\" width=\"800\" height=\"626\" data-cke-saved-src=\"\/img\/picture\/654\/902dde63ab0e36f8235c1073db90a6fe.jpg\" \/><\/p><p>Taktie\u017e neodpor\u00fa\u010dam to\u010denie tak\u00fdchto schodov.<\/p><p align=\"center\"><img decoding=\"async\" style=\"height: 678px; cursor: default; width: 450px;\" src=\"https:\/\/lepcsok.eu\/wp-content\/uploads\/2023\/01\/994a783ebba43b2c1f4f5640eb04eb54.jpg\" alt=\"994a783ebba43b2c1f4f5640eb04eb54.jpg\" data-cke-saved-src=\"\/img\/picture\/655\/994a783ebba43b2c1f4f5640eb04eb54.jpg\" \/><\/p><p>Ak je to mo\u017en\u00e9, rie\u0161me to\u010dit\u00e9 schody pomocou odpo\u010d\u00edvadla. V\u010faka tvaru schod\u00edkov strat\u00edme menej miesta s odpo\u010d\u00edvadlom ako pri tradi\u010dn\u00fdch schodoch.<br \/><img loading=\"lazy\" decoding=\"async\" class=\"aligncenter\" style=\"cursor: default;\" src=\"https:\/\/lepcsok.eu\/wp-content\/uploads\/2023\/01\/trfw3er.jpg\" alt=\"trfw3er.jpg\" width=\"600\" height=\"455\" data-cke-saved-src=\"\/img\/picture\/660\/trfw3er.jpg\" \/>Aj ke\u010f to priamo nes\u00favis\u00ed, mus\u00edme spomen\u00fa\u0165 to\u010d\u00edte aj kruhov\u00e9 schody, preto\u017ee v niektor\u00fdch pr\u00edpadoch n\u00e1m m\u00f4\u017eu u\u0161etri\u0165 ve\u013ea miesta. V podstate na ur\u010ditom minim\u00e1lnom priemere (160-180 cm) m\u00f4\u017eeme dosiahnu\u0165 &#8222;neobmedzen\u00e9&#8221; v\u00fd\u0161ky.<br \/>Na v\u00fd\u0161ku 12 metrov, s priemerom men\u0161\u00edm ako 4 metre, dokonca aj s dvojit\u00fdm ramenom.<\/p><p align=\"center\"><img decoding=\"async\" style=\"height: 800px; cursor: default; width: 450px;\" src=\"https:\/\/lepcsok.eu\/wp-content\/uploads\/2023\/01\/20150615_115643-2.jpg\" alt=\"20150615_115643-2.jpg\" data-cke-saved-src=\"\/img\/picture\/657\/20150615_115643-2.jpg\" \/><\/p><p>Ned\u00e1vno som navrhol tak\u00e9 to\u010d\u00edte schody, ktor\u00e9 v\u010faka \u0161peci\u00e1lnym centr\u00e1lnym prvkom zabezpe\u010duj\u00fa dostato\u010dn\u00fa \u0161\u00edrku schodiska aj v men\u0161\u00edch priemeroch otvorov.<\/p><p><img loading=\"lazy\" decoding=\"async\" class=\"aligncenter\" style=\"cursor: default;\" src=\"https:\/\/lepcsok.eu\/wp-content\/uploads\/2023\/01\/pd_62_file_016.jpg\" alt=\"pd_62_file_016.jpg\" width=\"800\" height=\"450\" data-cke-saved-src=\"\/img\/picture\/658\/pd_62_file_016.jpg\" \/>V \u00faseku, kde sa osoba na schodoch pohybuje, akoby sa centr\u00e1lny st\u013ap &#8222;uh\u00fdbal&#8221;, \u010d\u00edm poskytuje \u0161ir\u0161\u00ed priechod.<br \/>Zauj\u00edmavos\u0165ou n\u00e1vrhu je, \u017ee toto uh\u00fdbanie je mo\u017en\u00e9 dosiahnu\u0165 v\u00fdrobou rovnak\u00fdch a priamych prvkov.<br \/><img loading=\"lazy\" decoding=\"async\" class=\"aligncenter\" style=\"cursor: default;\" src=\"https:\/\/lepcsok.eu\/wp-content\/uploads\/2023\/01\/pd_62_file_015.jpg\" alt=\"pd_62_file_015.jpg\" width=\"800\" height=\"566\" data-cke-saved-src=\"\/img\/picture\/659\/pd_62_file_015.jpg\" \/><\/p><p>Schody e\u0161te nie s\u00fa realizovan\u00e9, ale 3D model si m\u00f4\u017eete pozrie\u0165 tu.<\/p><div class=\"sketchfab-embed-wrapper\"><p style=\"text-align: center;\"><iframe style=\"width: 502.992px;\" title=\"E2591 7 3D\" src=\"https:\/\/sketchfab.com\/models\/d5ed008c58304e69853b3b810448dd18\/embed\" width=\"640\" height=\"480\" frameborder=\"0\" allowfullscreen=\"allowfullscreen\"><\/iframe><\/p><p style=\"margin: 5px; font-size: 13px; color: #4a4a4a; text-align: center;\"><a style=\"color: #1caad9; font-weight: bold;\" href=\"https:\/\/sketchfab.com\/3d-models\/e2591-7-3d-d5ed008c58304e69853b3b810448dd18?utm_medium=embed&amp;utm_campaign=share-popup&amp;utm_content=d5ed008c58304e69853b3b810448dd18\" target=\"_blank\" rel=\"noopener\">E2591 7 3D\u00a0<\/a>by\u00a0<a style=\"color: #1caad9; font-weight: bold;\" href=\"https:\/\/sketchfab.com\/lepcsok?utm_medium=embed&amp;utm_campaign=share-popup&amp;utm_content=d5ed008c58304e69853b3b810448dd18\" target=\"_blank\" rel=\"noopener\">Ing. T. F\u00dcLEKI\u00a0<\/a>on\u00a0<a style=\"color: #1caad9; font-weight: bold;\" href=\"https:\/\/sketchfab.com\/?utm_medium=embed&amp;utm_campaign=share-popup&amp;utm_content=d5ed008c58304e69853b3b810448dd18\" target=\"_blank\" rel=\"noopener\">Sketchfab<\/a><\/p><p>Trochu podobn\u00fd z\u00e1kladn\u00fd n\u00e1pad m\u00e1 schodisko &#8222;1m2&#8221; od holandskej firmy EeStairs. Je mo\u017en\u00e9 ho pou\u017e\u00edva\u0165 aj smerom nadol, aj ke\u010f s miernym bo\u010dn\u00fdm pohybom.<\/p><\/div><p style=\"text-align: center;\"><iframe style=\"width: 750px;\" title=\"YouTube video player\" src=\"https:\/\/www.youtube.com\/embed\/KnHRnt1XRyw\" width=\"800\" height=\"450\" frameborder=\"0\" scrolling=\"no\" align=\"middle\" allowfullscreen=\"allowfullscreen\"><\/iframe><\/p><p>Zauj\u00edmavos\u0165: ak si niekto \u017eel\u00e1 objedna\u0165 schody bez proti\u0161mykov\u00fdch prvkov, pr\u00edplatok je 250 \u20ac.<\/p>\t\t\t\t\t\t<\/div>\n\t\t\t\t<\/div>\n\t\t\t\t<div class=\"elementor-element elementor-element-669e66e elementor-widget elementor-widget-menu-anchor\" data-id=\"669e66e\" data-element_type=\"widget\" data-widget_type=\"menu-anchor.default\">\n\t\t\t\t<div class=\"elementor-widget-container\">\n\t\t\t<style>\/*! elementor - v3.19.0 - 28-02-2024 *\/\nbody.elementor-page .elementor-widget-menu-anchor{margin-bottom:0}<\/style>\t\t<div id=\"1m2\" class=\"elementor-menu-anchor\"><\/div>\n\t\t\t\t<\/div>\n\t\t\t\t<\/div>\n\t\t\t\t\t<\/div>\n\t\t<\/div>\n\t\t\t\t\t<\/div>\n\t\t<\/section>\n\t\t\t\t<\/div>\n\t\t","protected":false},"excerpt":{"rendered":"<p>Az oldal magyarul Schody? Rebr\u00edk? Priestorovo \u00fasporne schody? \u010co robi\u0165, ke\u010f je m\u00e1lo miesta. V praxi sa \u010dasto stret\u00e1vame so situ\u00e1ciou, ke\u010f je miesto ur\u010den\u00e9 pre schody tak mal\u00e9, \u017ee ani \u017eiadne kompromisy neved\u00fa k schodom, ktor\u00e9 by splnili minim\u00e1lne po\u017eiadavky predpisov. V skuto\u010dnosti by sa na toto miesto hodil rebr\u00edk. Na rebr\u00edku sa d\u00e1 [&hellip;]<\/p>\n","protected":false},"author":1,"featured_media":0,"parent":0,"menu_order":0,"comment_status":"closed","ping_status":"closed","template":"elementor_header_footer","meta":{"om_disable_all_campaigns":false,"_monsterinsights_skip_tracking":false,"_monsterinsights_sitenote_active":false,"_monsterinsights_sitenote_note":"","_monsterinsights_sitenote_category":0,"footnotes":""},"class_list":["post-7631","page","type-page","status-publish","hentry"],"aioseo_notices":[],"_links":{"self":[{"href":"https:\/\/lepcsok.eu\/index.php?rest_route=\/wp\/v2\/pages\/7631","targetHints":{"allow":["GET"]}}],"collection":[{"href":"https:\/\/lepcsok.eu\/index.php?rest_route=\/wp\/v2\/pages"}],"about":[{"href":"https:\/\/lepcsok.eu\/index.php?rest_route=\/wp\/v2\/types\/page"}],"author":[{"embeddable":true,"href":"https:\/\/lepcsok.eu\/index.php?rest_route=\/wp\/v2\/users\/1"}],"replies":[{"embeddable":true,"href":"https:\/\/lepcsok.eu\/index.php?rest_route=%2Fwp%2Fv2%2Fcomments&post=7631"}],"version-history":[{"count":22,"href":"https:\/\/lepcsok.eu\/index.php?rest_route=\/wp\/v2\/pages\/7631\/revisions"}],"predecessor-version":[{"id":8083,"href":"https:\/\/lepcsok.eu\/index.php?rest_route=\/wp\/v2\/pages\/7631\/revisions\/8083"}],"wp:attachment":[{"href":"https:\/\/lepcsok.eu\/index.php?rest_route=%2Fwp%2Fv2%2Fmedia&parent=7631"}],"curies":[{"name":"wp","href":"https:\/\/api.w.org\/{rel}","templated":true}]}}