{"id":756,"date":"2022-11-24T20:50:10","date_gmt":"2022-11-24T20:50:10","guid":{"rendered":"https:\/\/lepcsok.eu\/?page_id=756"},"modified":"2023-11-11T20:18:56","modified_gmt":"2023-11-11T20:18:56","slug":"szabvanyok","status":"publish","type":"page","link":"https:\/\/lepcsok.eu\/?page_id=756","title":{"rendered":"Szabv\u00e1nyok"},"content":{"rendered":"\t\t<div data-elementor-type=\"wp-page\" data-elementor-id=\"756\" class=\"elementor elementor-756\" data-elementor-post-type=\"page\">\n\t\t\t\t\t\t<section class=\"elementor-section elementor-top-section elementor-element elementor-element-b382179 elementor-section-boxed elementor-section-height-default elementor-section-height-default\" data-id=\"b382179\" data-element_type=\"section\">\n\t\t\t\t\t\t<div class=\"elementor-container elementor-column-gap-default\">\n\t\t\t\t\t<div class=\"elementor-column elementor-col-100 elementor-top-column elementor-element elementor-element-b9d2095\" data-id=\"b9d2095\" data-element_type=\"column\">\n\t\t\t<div class=\"elementor-widget-wrap elementor-element-populated\">\n\t\t\t\t\t\t<div class=\"elementor-element elementor-element-be83143 elementor-widget elementor-widget-text-editor\" data-id=\"be83143\" data-element_type=\"widget\" data-widget_type=\"text-editor.default\">\n\t\t\t\t<div class=\"elementor-widget-container\">\n\t\t\t<style>\/*! elementor - v3.19.0 - 28-02-2024 *\/\n.elementor-widget-text-editor.elementor-drop-cap-view-stacked .elementor-drop-cap{background-color:#69727d;color:#fff}.elementor-widget-text-editor.elementor-drop-cap-view-framed .elementor-drop-cap{color:#69727d;border:3px solid;background-color:transparent}.elementor-widget-text-editor:not(.elementor-drop-cap-view-default) .elementor-drop-cap{margin-top:8px}.elementor-widget-text-editor:not(.elementor-drop-cap-view-default) .elementor-drop-cap-letter{width:1em;height:1em}.elementor-widget-text-editor .elementor-drop-cap{float:left;text-align:center;line-height:1;font-size:50px}.elementor-widget-text-editor .elementor-drop-cap-letter{display:inline-block}<\/style>\t\t\t\t<p>A Magyarorsz\u00e1gon hat\u00e1lyos OT\u00c9K friss\u00edtett el\u0151\u00edr\u00e1sokat \u00a0<a href=\"https:\/\/lepcsok.eu\/?page_id=758\" data-cke-saved-href=\"http:\/\/www.lepcsok.eoldal.hu\/cikkek\/olvasnivalo\/otek-frissitett-eloirasok.html\">ITT<\/a>\u00a0olvashatja.<\/p><p>Ha j\u00f3 l\u00e9pcs\u0151t szeretne, akkor biztosan nem el\u00e9g a magyar t\u00f6rv\u00e9nyt j\u00f3l ismerni.\u00a0Hasznos tanulm\u00e1nyozni a\u00a0&#8222;t\u0151l\u00fcnk szerencs\u00e9sebb t\u00f6rt\u00e9nelmi sors\u00fa&#8221; orsz\u00e1gok el\u0151\u00edr\u00e1sait is. A n\u00e9met DIN18065-\u00f6s szabv\u00e1ny sokkal logikusabb, \u00e9s prec\u00edzebb.\u00a0Ugyanakkor fontosnak tartom, hogy n\u00e9h\u00e1ny s\u0171r\u0171n el\u0151fordul\u00f3 l\u00e9pcs\u0151kkel kapcsolatos hib\u00e1ra, t\u00e9veszm\u00e9re\u00a0is felh\u00edvjam a figyelmet.\u00a0<a href=\"https:\/\/lepcsok.eu\/?page_id=775\" data-cke-saved-href=\"http:\/\/www.lepcsok.eoldal.hu\/cikkek\/olvasnivalo\/a-jarovonal-helyzete-es-egyeb-teveszmek.html\">ITT<\/a><\/p><p>Honlapomon on-line l\u00e9pcs\u0151sz\u00e1mol\u00f3 \u00a0oldalt is tal\u00e1l, mely figyelembe veszi a hat\u00e1lyos el\u0151\u00edr\u00e1sokat. Amennyiben az \u00e9rt\u00e9kek nem megfelel\u0151ek, figyelmeztet a hib\u00e1kra.\u00a0<a href=\"https:\/\/lepcsok.eu\/?page_id=84\" data-cke-saved-href=\"http:\/\/www.lepcsok.eoldal.hu\/cikkek\/olvasnivalo\/lepcsok-meretezese.html\">ITT<\/a><\/p>\t\t\t\t\t\t<\/div>\n\t\t\t\t<\/div>\n\t\t\t\t\t<\/div>\n\t\t<\/div>\n\t\t\t\t\t<\/div>\n\t\t<\/section>\n\t\t\t\t<section class=\"elementor-section elementor-top-section elementor-element elementor-element-de5f649 elementor-section-content-middle elementor-section-boxed elementor-section-height-default elementor-section-height-default\" data-id=\"de5f649\" data-element_type=\"section\" data-settings=\"{&quot;background_background&quot;:&quot;slideshow&quot;,&quot;background_slideshow_gallery&quot;:[{&quot;id&quot;:774,&quot;url&quot;:&quot;https:\\\/\\\/lepcsok.eu\\\/wp-content\\\/uploads\\\/2022\\\/11\\\/kujtyrht5e4-1.jpg&quot;}],&quot;background_slideshow_ken_burns&quot;:&quot;yes&quot;,&quot;background_slideshow_loop&quot;:&quot;yes&quot;,&quot;background_slideshow_slide_duration&quot;:5000,&quot;background_slideshow_slide_transition&quot;:&quot;fade&quot;,&quot;background_slideshow_transition_duration&quot;:500,&quot;background_slideshow_ken_burns_zoom_direction&quot;:&quot;in&quot;}\">\n\t\t\t\t\t\t\t<div class=\"elementor-background-overlay\"><\/div>\n\t\t\t\t\t\t\t<div class=\"elementor-container elementor-column-gap-default\">\n\t\t\t\t\t<div class=\"elementor-column elementor-col-100 elementor-top-column elementor-element elementor-element-e1b9d62\" data-id=\"e1b9d62\" data-element_type=\"column\">\n\t\t\t<div class=\"elementor-widget-wrap elementor-element-populated\">\n\t\t\t\t\t\t<div class=\"elementor-element elementor-element-09c3be6 elementor-widget elementor-widget-heading\" data-id=\"09c3be6\" data-element_type=\"widget\" data-widget_type=\"heading.default\">\n\t\t\t\t<div class=\"elementor-widget-container\">\n\t\t\t<style>\/*! elementor - v3.19.0 - 28-02-2024 *\/\n.elementor-heading-title{padding:0;margin:0;line-height:1}.elementor-widget-heading .elementor-heading-title[class*=elementor-size-]>a{color:inherit;font-size:inherit;line-height:inherit}.elementor-widget-heading .elementor-heading-title.elementor-size-small{font-size:15px}.elementor-widget-heading .elementor-heading-title.elementor-size-medium{font-size:19px}.elementor-widget-heading .elementor-heading-title.elementor-size-large{font-size:29px}.elementor-widget-heading .elementor-heading-title.elementor-size-xl{font-size:39px}.elementor-widget-heading .elementor-heading-title.elementor-size-xxl{font-size:59px}<\/style><h2 class=\"elementor-heading-title elementor-size-default\"><a href=\"https:\/\/lepcsok.eu\/?page_id=758\">OT\u00c9K friss\u00edtve<\/a><\/h2>\t\t<\/div>\n\t\t\t\t<\/div>\n\t\t\t\t\t<\/div>\n\t\t<\/div>\n\t\t\t\t\t<\/div>\n\t\t<\/section>\n\t\t\t\t<section class=\"elementor-section elementor-top-section elementor-element elementor-element-0fb34ab elementor-section-content-middle elementor-section-boxed elementor-section-height-default elementor-section-height-default\" data-id=\"0fb34ab\" data-element_type=\"section\" data-settings=\"{&quot;background_background&quot;:&quot;slideshow&quot;,&quot;background_slideshow_gallery&quot;:[{&quot;id&quot;:780,&quot;url&quot;:&quot;https:\\\/\\\/lepcsok.eu\\\/wp-content\\\/uploads\\\/2022\\\/11\\\/yht.jpg&quot;}],&quot;background_slideshow_ken_burns&quot;:&quot;yes&quot;,&quot;background_slideshow_loop&quot;:&quot;yes&quot;,&quot;background_slideshow_slide_duration&quot;:5000,&quot;background_slideshow_slide_transition&quot;:&quot;fade&quot;,&quot;background_slideshow_transition_duration&quot;:500,&quot;background_slideshow_ken_burns_zoom_direction&quot;:&quot;in&quot;}\">\n\t\t\t\t\t\t\t<div class=\"elementor-background-overlay\"><\/div>\n\t\t\t\t\t\t\t<div class=\"elementor-container elementor-column-gap-default\">\n\t\t\t\t\t<div class=\"elementor-column elementor-col-100 elementor-top-column elementor-element elementor-element-89cb86e\" data-id=\"89cb86e\" data-element_type=\"column\">\n\t\t\t<div class=\"elementor-widget-wrap elementor-element-populated\">\n\t\t\t\t\t\t<div class=\"elementor-element elementor-element-c4ed42e elementor-widget elementor-widget-heading\" data-id=\"c4ed42e\" data-element_type=\"widget\" data-widget_type=\"heading.default\">\n\t\t\t\t<div class=\"elementor-widget-container\">\n\t\t\t<h2 class=\"elementor-heading-title elementor-size-default\"><a href=\"https:\/\/lepcsok.eu\/?page_id=775\">A j\u00e1r\u00f3vonal helyzete \u00e9s egy\u00e9b t\u00e9veszm\u00e9k<\/a><\/h2>\t\t<\/div>\n\t\t\t\t<\/div>\n\t\t\t\t\t<\/div>\n\t\t<\/div>\n\t\t\t\t\t<\/div>\n\t\t<\/section>\n\t\t\t\t<\/div>\n\t\t","protected":false},"excerpt":{"rendered":"<p>A Magyarorsz\u00e1gon hat\u00e1lyos OT\u00c9K friss\u00edtett el\u0151\u00edr\u00e1sokat \u00a0ITT\u00a0olvashatja. Ha j\u00f3 l\u00e9pcs\u0151t szeretne, akkor biztosan nem el\u00e9g a magyar t\u00f6rv\u00e9nyt j\u00f3l ismerni.\u00a0Hasznos tanulm\u00e1nyozni a\u00a0&#8222;t\u0151l\u00fcnk szerencs\u00e9sebb t\u00f6rt\u00e9nelmi sors\u00fa&#8221; orsz\u00e1gok el\u0151\u00edr\u00e1sait is. A n\u00e9met DIN18065-\u00f6s szabv\u00e1ny sokkal logikusabb, \u00e9s prec\u00edzebb.\u00a0Ugyanakkor fontosnak tartom, hogy n\u00e9h\u00e1ny s\u0171r\u0171n el\u0151fordul\u00f3 l\u00e9pcs\u0151kkel kapcsolatos hib\u00e1ra, t\u00e9veszm\u00e9re\u00a0is felh\u00edvjam a figyelmet.\u00a0ITT Honlapomon on-line l\u00e9pcs\u0151sz\u00e1mol\u00f3 \u00a0oldalt is tal\u00e1l, [&hellip;]<\/p>\n","protected":false},"author":1,"featured_media":0,"parent":0,"menu_order":0,"comment_status":"closed","ping_status":"closed","template":"elementor_header_footer","meta":{"om_disable_all_campaigns":false,"_monsterinsights_skip_tracking":false,"_monsterinsights_sitenote_active":false,"_monsterinsights_sitenote_note":"","_monsterinsights_sitenote_category":0,"footnotes":""},"class_list":["post-756","page","type-page","status-publish","hentry"],"aioseo_notices":[],"_links":{"self":[{"href":"https:\/\/lepcsok.eu\/index.php?rest_route=\/wp\/v2\/pages\/756","targetHints":{"allow":["GET"]}}],"collection":[{"href":"https:\/\/lepcsok.eu\/index.php?rest_route=\/wp\/v2\/pages"}],"about":[{"href":"https:\/\/lepcsok.eu\/index.php?rest_route=\/wp\/v2\/types\/page"}],"author":[{"embeddable":true,"href":"https:\/\/lepcsok.eu\/index.php?rest_route=\/wp\/v2\/users\/1"}],"replies":[{"embeddable":true,"href":"https:\/\/lepcsok.eu\/index.php?rest_route=%2Fwp%2Fv2%2Fcomments&post=756"}],"version-history":[{"count":10,"href":"https:\/\/lepcsok.eu\/index.php?rest_route=\/wp\/v2\/pages\/756\/revisions"}],"predecessor-version":[{"id":786,"href":"https:\/\/lepcsok.eu\/index.php?rest_route=\/wp\/v2\/pages\/756\/revisions\/786"}],"wp:attachment":[{"href":"https:\/\/lepcsok.eu\/index.php?rest_route=%2Fwp%2Fv2%2Fmedia&parent=756"}],"curies":[{"name":"wp","href":"https:\/\/api.w.org\/{rel}","templated":true}]}}