{"id":744,"date":"2022-11-24T20:24:24","date_gmt":"2022-11-24T20:24:24","guid":{"rendered":"https:\/\/lepcsok.eu\/?page_id=744"},"modified":"2024-11-26T18:17:34","modified_gmt":"2024-11-26T18:17:34","slug":"atvaltozasok-2","status":"publish","type":"page","link":"https:\/\/lepcsok.eu\/?page_id=744","title":{"rendered":"L\u00e9pcs\u0151 Cser\u00e9je \u00e9s Meg\u00fajul\u00e1s: K\u00fcl\u00f6nb\u00f6z\u0151 Okok \u00e9s Inspir\u00e1ci\u00f3k"},"content":{"rendered":"\t\t<div data-elementor-type=\"wp-page\" data-elementor-id=\"744\" class=\"elementor elementor-744\" data-elementor-post-type=\"page\">\n\t\t\t\t\t\t<section class=\"elementor-section elementor-top-section elementor-element elementor-element-686d8e2 elementor-section-boxed elementor-section-height-default elementor-section-height-default\" data-id=\"686d8e2\" data-element_type=\"section\">\n\t\t\t\t\t\t<div class=\"elementor-container elementor-column-gap-default\">\n\t\t\t\t\t<div class=\"elementor-column elementor-col-100 elementor-top-column elementor-element elementor-element-b4f3ee3\" data-id=\"b4f3ee3\" data-element_type=\"column\">\n\t\t\t<div class=\"elementor-widget-wrap elementor-element-populated\">\n\t\t\t\t\t\t<div class=\"elementor-element elementor-element-bd39d61 elementor-widget elementor-widget-text-editor\" data-id=\"bd39d61\" data-element_type=\"widget\" data-widget_type=\"text-editor.default\">\n\t\t\t\t<div class=\"elementor-widget-container\">\n\t\t\t<style>\/*! elementor - v3.19.0 - 28-02-2024 *\/\n.elementor-widget-text-editor.elementor-drop-cap-view-stacked .elementor-drop-cap{background-color:#69727d;color:#fff}.elementor-widget-text-editor.elementor-drop-cap-view-framed .elementor-drop-cap{color:#69727d;border:3px solid;background-color:transparent}.elementor-widget-text-editor:not(.elementor-drop-cap-view-default) .elementor-drop-cap{margin-top:8px}.elementor-widget-text-editor:not(.elementor-drop-cap-view-default) .elementor-drop-cap-letter{width:1em;height:1em}.elementor-widget-text-editor .elementor-drop-cap{float:left;text-align:center;line-height:1;font-size:50px}.elementor-widget-text-editor .elementor-drop-cap-letter{display:inline-block}<\/style>\t\t\t\t<p>K\u00fcl\u00f6nb\u00f6z\u0151 okokb\u00f3l cser\u00e9lhet\u00fcnk m\u00e1r megl\u00e9v\u0151 l\u00e9pcs\u0151t.<\/p><p>A l\u00e9pcs\u0151 cser\u00e9je \u00e1ltal\u00e1ban nagy v\u00e1ltoz\u00e1st jelent. Neh\u00e9z d\u00f6nt\u00e9s, de igaz\u00e1n j\u00f3 v\u00e9geredm\u00e9nyt sok esetben csak \u00edgy lehet el\u00e9rni. Egy megl\u00e9v\u0151 szerkezet toldoz\u00e1sa foltoz\u00e1sa ritk\u00e1n j\u00f3 megold\u00e1s. Sokszor olcs\u00f3bbnak t\u0171nhet, de n\u00e9ha \u00e9rdemes megfontolni a teljes cser\u00e9t.<\/p><p>1. Bizonyos esetekben, egy \u00faj l\u00e9pcs\u0151vel jobb helykihaszn\u00e1lts\u00e1g \u00e9rhet\u0151 el.<br \/><a href=\"https:\/\/lepcsok.eu\/wp-content\/uploads\/2023\/01\/metamorfozis1.jpg\"><img fetchpriority=\"high\" decoding=\"async\" class=\"text-picture alignnone\" src=\"https:\/\/lepcsok.eu\/wp-content\/uploads\/2023\/01\/metamorfozis1.jpg\" alt=\"metamorfozis1.jpg\" width=\"550\" height=\"311\" data-cke-saved-src=\"\/img\/picture\/311\/metamorfozis1.jpg\" \/><\/a><\/p><p>2. Stabil, biztons\u00e1gos, modern lehet az \u00faj l\u00e9pcs\u0151.<br \/><img decoding=\"async\" class=\"text-picture\" src=\"https:\/\/lepcsok.eu\/wp-content\/uploads\/2023\/01\/metamorfozis2.jpg\" alt=\"metamorfozis2.jpg\" width=\"550\" height=\"379\" data-cke-saved-src=\"\/img\/picture\/312\/metamorfozis2.jpg\" \/><\/p><p>3. Cser\u00e9re ker\u00fclhet sor, ha a l\u00e9pcs\u0151 min\u0151s\u00e9ge nem egyezik a lak\u00e1s egy\u00e9b berendez\u00e9seinek min\u0151s\u00e9g\u00e9vel.<br \/><img decoding=\"async\" class=\"text-picture\" src=\"https:\/\/lepcsok.eu\/wp-content\/uploads\/2023\/01\/metamorfozis3.jpg\" alt=\"metamorfozis3.jpg\" width=\"550\" height=\"352\" data-cke-saved-src=\"\/img\/picture\/313\/metamorfozis3.jpg\" \/><\/p><p>4. Ha a l\u00e9pcs\u0151 geometri\u00e1ja rosszul van kiszerkesztve, komoly balesetforr\u00e1s lehet. Legjobb ilyenkor is a csere.<br \/><img loading=\"lazy\" decoding=\"async\" class=\"text-picture\" src=\"https:\/\/lepcsok.eu\/wp-content\/uploads\/2023\/01\/metamorfozis4.jpg\" alt=\"metamorfozis4.jpg\" width=\"550\" height=\"303\" data-cke-saved-src=\"\/img\/picture\/314\/metamorfozis4.jpg\" \/><\/p><p>5. Egy befejezetlen, rosszul kisz\u00e1molt l\u00e9pcs\u0151n\u00e9l is lehet a legc\u00e9lravezet\u0151bb a csere.<br \/><img loading=\"lazy\" decoding=\"async\" class=\"text-picture\" src=\"https:\/\/lepcsok.eu\/wp-content\/uploads\/2023\/01\/metamorfozis5.jpg\" alt=\"metamorfozis5.jpg\" width=\"550\" height=\"283\" data-cke-saved-src=\"\/img\/picture\/316\/metamorfozis5.jpg\" \/><\/p><p>6. Igaz\u00e1n j\u00f3 megold\u00e1st egy vasbeton l\u00e9pcs\u0151n\u00e9l sokszor csak \u00fagy tudunk el\u00e9rni, ha lebontjuk. Neh\u00e9z elhat\u00e1roz\u00e1s, de ha v\u00e9g\u00fcl r\u00e1sz\u00e1njuk magunkat, az eredeti helysz\u00edn szinte felismerhetetlen lesz.<br \/><a href=\"https:\/\/lepcsok.eu\/wp-content\/uploads\/2023\/01\/metamorfozis7.jpg\"><img loading=\"lazy\" decoding=\"async\" class=\"text-picture alignnone\" src=\"https:\/\/lepcsok.eu\/wp-content\/uploads\/2023\/01\/metamorfozis7.jpg\" alt=\"metamorfozis7.jpg\" width=\"550\" height=\"687\" \/><\/a><\/p><p>7. Terv \u00e9s \u00e1tgondol\u00e1s\u00a0n\u00e9lk\u00fcl,\u00a0helysz\u00edni improviz\u00e1ci\u00f3val sokszor k\u00e9sz\u00fcl olyan l\u00e9pcs\u0151\u00a0aminek hib\u00e1ihoz 15 \u00e9v alatt sem lehet hozz\u00e1szokni.<br \/><img loading=\"lazy\" decoding=\"async\" class=\"text-picture\" src=\"https:\/\/lepcsok.eu\/wp-content\/uploads\/2023\/01\/metamorfozis8.jpg\" alt=\"metamorfozis8.jpg\" width=\"550\" height=\"1654\" data-cke-saved-src=\"\/img\/picture\/418\/metamorfozis8.jpg\" \/><\/p><p>A k\u00e9pen l\u00e1that\u00f3 Leica 3D Disto t\u00e9r szkenneremr\u0151l b\u0151vebben itt olvashat:<a href=\"https:\/\/lepcsok.eu\/?page_id=3933\"> https:\/\/lepcsok.eu\/?page_id=3933<\/a><\/p><p>8. A klasszikus eset, amikor egy megl\u00e9v\u0151 beton l\u00e9pcs\u0151t kell lebontani. Itt viszonylag k\u00f6nny\u0171 dolgom volt. A megrendel\u0151 gyorsan bel\u00e1tta, hogy a l\u00e9pcs\u0151je rosszul tervezett \u00e9s pontatlan. A f\u0151 \u00e9rv az elbont\u00e1sa mellett m\u00e9gis csak az volt, hogy n\u00e9lk\u00fcl\u00f6z\u00f6tt minden k\u00fcl\u00f6n\u00f6sebb \u00f6tletet. A c\u00e9lnak \u00e9ppen ha meg is megfelelt volna, egy ilyen kast\u00e9lyban ez kev\u00e9s.<br \/><img decoding=\"async\" class=\"text-picture\" src=\"https:\/\/lepcsok.eu\/wp-content\/uploads\/2023\/01\/metamorfozis9.jpg\" alt=\"metamorfozis9.jpg\" data-cke-saved-src=\"\/img\/picture\/420\/metamorfozis9.jpg\" \/><\/p><p>9. Egy \u00fajabb beton l\u00e9pcs\u0151 rombol\u00e1s. Nem a beton anyag\u00e1val van probl\u00e9m\u00e1m, mert teljesen egyet \u00e9rtek, hogy ha valaki igaz\u00e1n t\u00f6m\u00f6r, extr\u00e9m nagy teherb\u00edr\u00e1s\u00fa l\u00e9pcs\u0151t szeretne akkor az legyen\u00a0betonb\u00f3l. A probl\u00e9ma sajnos ott van, hogy a l\u00e9pcs\u0151t senki sem tervezi meg. Pedig egy bonyolult szerkezet, ami jobban meg\u00e9rdemeln\u00e9 az odafigyel\u00e9st. \u00cdgy azt\u00e1n k\u00e1rba v\u00e9sz az anyag a munka, \u00e9s tov\u00e1bbi probl\u00e9m\u00e1kat hoz mag\u00e1val a bont\u00e1s. \u00c9s v\u00e9geredm\u00e9nyben \u00fagy is valakinek rendesen meg kell tervezni azt a l\u00e9pcs\u0151t. Tal\u00e1n nem kellene megv\u00e1rni az els\u0151 balesetet.<br \/><img loading=\"lazy\" decoding=\"async\" class=\"text-picture\" src=\"https:\/\/lepcsok.eu\/wp-content\/uploads\/2023\/01\/metamorfozis10.jpg\" alt=\"metamorfozis10.jpg\" width=\"550\" height=\"610\" data-cke-saved-src=\"\/img\/picture\/421\/metamorfozis10.jpg\" \/><\/p><p>10. Egy fa l\u00e9pcs\u0151vel a szinte teljes\u00edthetetlen elv\u00e1r\u00e1soknak is siker\u00fclt megfeleln\u00fcnk.<br \/><img loading=\"lazy\" decoding=\"async\" class=\"text-picture\" src=\"https:\/\/lepcsok.eu\/wp-content\/uploads\/2023\/01\/metamorfozis11.jpg\" alt=\"metamorfozis11.jpg\" width=\"600\" height=\"422\" data-cke-saved-src=\"\/img\/picture\/559\/metamorfozis11.jpg\" \/><br \/>Sajnos a lakatos\u00a0tervez\u00e9s n\u00e9lk\u00fcl v\u00e1gott a feladatnak. Mikorra kider\u00fclt, hogy a megrendel\u0151nek ez \u00edgy nem felel meg, m\u00e1r nagyon sok felesleges munk\u00e1t v\u00e9gzett el. De a tervez\u00e9s d\u00edj\u00e1t siker\u00fclt megsp\u00f3rolnia. \u00dcgyes!<\/p><p align=\"left\"><img decoding=\"async\" class=\"text-picture\" src=\"https:\/\/lepcsok.eu\/wp-content\/uploads\/2023\/01\/metamorfozis12.jpg\" alt=\"metamorfozis12.jpg\" data-cke-saved-src=\"\/img\/picture\/560\/metamorfozis12.jpg\" \/><\/p><p align=\"left\"><img loading=\"lazy\" decoding=\"async\" class=\"text-picture\" src=\"https:\/\/lepcsok.eu\/wp-content\/uploads\/2023\/01\/metamorfozis13.jpg\" alt=\"metamorfozis13.jpg\" width=\"600\" height=\"890\" data-cke-saved-src=\"\/img\/picture\/561\/metamorfozis13.jpg\" \/><br \/>Egy\u00e1ltal\u00e1n nem \u00f6r\u00fcl\u00f6k, hogy \u00fajra b\u0151v\u00fcl ez a kateg\u00f3ria, mert ism\u00e9t egy &#8222;szaki&#8221; j\u00e1rt rosszul. A hiba pedig szerintem csak annyi volt, hogy nem tervezte, vagy terveztette meg a l\u00e9pcs\u0151t. T\u00e9nyleg kev\u00e9s volt a hely, \u00e9s a pihen\u0151vel az emeleten egy folyos\u00f3t is ki kellett alak\u00edtani. H\u00fasz \u00e9ves tapasztalattal is neh\u00e9z feladat volt.<\/p><p align=\"left\">Sok hasonl\u00f3 esettel tal\u00e1lkoztam m\u00e1r. Sajnos, nincs minden fot\u00f3kkal dokument\u00e1lva, de a j\u00f6v\u0151beli ilyen megrendel\u00e9seket is ezen az oldalon k\u00f6zz\u00e9teszem.<\/p>\t\t\t\t\t\t<\/div>\n\t\t\t\t<\/div>\n\t\t\t\t\t<\/div>\n\t\t<\/div>\n\t\t\t\t\t<\/div>\n\t\t<\/section>\n\t\t\t\t<\/div>\n\t\t","protected":false},"excerpt":{"rendered":"<p>K\u00fcl\u00f6nb\u00f6z\u0151 okokb\u00f3l cser\u00e9lhet\u00fcnk m\u00e1r megl\u00e9v\u0151 l\u00e9pcs\u0151t. A l\u00e9pcs\u0151 cser\u00e9je \u00e1ltal\u00e1ban nagy v\u00e1ltoz\u00e1st jelent. Neh\u00e9z d\u00f6nt\u00e9s, de igaz\u00e1n j\u00f3 v\u00e9geredm\u00e9nyt sok esetben csak \u00edgy lehet el\u00e9rni. Egy megl\u00e9v\u0151 szerkezet toldoz\u00e1sa foltoz\u00e1sa ritk\u00e1n j\u00f3 megold\u00e1s. Sokszor olcs\u00f3bbnak t\u0171nhet, de n\u00e9ha \u00e9rdemes megfontolni a teljes cser\u00e9t. 1. Bizonyos esetekben, egy \u00faj l\u00e9pcs\u0151vel jobb helykihaszn\u00e1lts\u00e1g \u00e9rhet\u0151 el. 2. Stabil, [&hellip;]<\/p>\n","protected":false},"author":1,"featured_media":2570,"parent":0,"menu_order":0,"comment_status":"closed","ping_status":"closed","template":"elementor_header_footer","meta":{"om_disable_all_campaigns":false,"_monsterinsights_skip_tracking":false,"_monsterinsights_sitenote_active":false,"_monsterinsights_sitenote_note":"","_monsterinsights_sitenote_category":0,"footnotes":""},"class_list":["post-744","page","type-page","status-publish","has-post-thumbnail","hentry"],"aioseo_notices":[],"_links":{"self":[{"href":"https:\/\/lepcsok.eu\/index.php?rest_route=\/wp\/v2\/pages\/744","targetHints":{"allow":["GET"]}}],"collection":[{"href":"https:\/\/lepcsok.eu\/index.php?rest_route=\/wp\/v2\/pages"}],"about":[{"href":"https:\/\/lepcsok.eu\/index.php?rest_route=\/wp\/v2\/types\/page"}],"author":[{"embeddable":true,"href":"https:\/\/lepcsok.eu\/index.php?rest_route=\/wp\/v2\/users\/1"}],"replies":[{"embeddable":true,"href":"https:\/\/lepcsok.eu\/index.php?rest_route=%2Fwp%2Fv2%2Fcomments&post=744"}],"version-history":[{"count":30,"href":"https:\/\/lepcsok.eu\/index.php?rest_route=\/wp\/v2\/pages\/744\/revisions"}],"predecessor-version":[{"id":7942,"href":"https:\/\/lepcsok.eu\/index.php?rest_route=\/wp\/v2\/pages\/744\/revisions\/7942"}],"wp:featuredmedia":[{"embeddable":true,"href":"https:\/\/lepcsok.eu\/index.php?rest_route=\/wp\/v2\/media\/2570"}],"wp:attachment":[{"href":"https:\/\/lepcsok.eu\/index.php?rest_route=%2Fwp%2Fv2%2Fmedia&parent=744"}],"curies":[{"name":"wp","href":"https:\/\/api.w.org\/{rel}","templated":true}]}}