{"id":694,"date":"2022-11-24T19:11:58","date_gmt":"2022-11-24T19:11:58","guid":{"rendered":"https:\/\/lepcsok.eu\/?page_id=694"},"modified":"2024-07-31T15:06:50","modified_gmt":"2024-07-31T15:06:50","slug":"helytakarekos-lepcso","status":"publish","type":"page","link":"https:\/\/lepcsok.eu\/?page_id=694","title":{"rendered":"A helytakar\u00e9kos l\u00e9pcs\u0151k &#8211; hasznos inform\u00e1ci\u00f3k"},"content":{"rendered":"\t\t<div data-elementor-type=\"wp-page\" data-elementor-id=\"694\" class=\"elementor elementor-694\" data-elementor-post-type=\"page\">\n\t\t\t\t\t\t<section class=\"elementor-section elementor-top-section elementor-element elementor-element-03d9683 elementor-section-boxed elementor-section-height-default elementor-section-height-default\" data-id=\"03d9683\" data-element_type=\"section\">\n\t\t\t\t\t\t<div class=\"elementor-container elementor-column-gap-default\">\n\t\t\t\t\t<div class=\"elementor-column elementor-col-100 elementor-top-column elementor-element elementor-element-867ad7c\" data-id=\"867ad7c\" data-element_type=\"column\">\n\t\t\t<div class=\"elementor-widget-wrap elementor-element-populated\">\n\t\t\t\t\t\t<div class=\"elementor-element elementor-element-7b30b71 elementor-widget elementor-widget-text-editor\" data-id=\"7b30b71\" data-element_type=\"widget\" data-widget_type=\"text-editor.default\">\n\t\t\t\t<div class=\"elementor-widget-container\">\n\t\t\t<style>\/*! elementor - v3.19.0 - 28-02-2024 *\/\n.elementor-widget-text-editor.elementor-drop-cap-view-stacked .elementor-drop-cap{background-color:#69727d;color:#fff}.elementor-widget-text-editor.elementor-drop-cap-view-framed .elementor-drop-cap{color:#69727d;border:3px solid;background-color:transparent}.elementor-widget-text-editor:not(.elementor-drop-cap-view-default) .elementor-drop-cap{margin-top:8px}.elementor-widget-text-editor:not(.elementor-drop-cap-view-default) .elementor-drop-cap-letter{width:1em;height:1em}.elementor-widget-text-editor .elementor-drop-cap{float:left;text-align:center;line-height:1;font-size:50px}.elementor-widget-text-editor .elementor-drop-cap-letter{display:inline-block}<\/style>\t\t\t\t<p style=\"text-align: right;\"><a href=\"https:\/\/lepcsok.eu\/?page_id=7631\">Strana po slovensky<\/a><\/p><p>L\u00e9pcs\u0151? L\u00e9tra? Helytakar\u00e9kos l\u00e9pcs\u0151?<br \/>Mi legyen ha kev\u00e9s a hely.<\/p><p>A gyakorlatban sokszor tal\u00e1lkozhatunk olyan helyzettel, amikor annyira kicsi a kialak\u00edtott hely a l\u00e9pcs\u0151 sz\u00e1m\u00e1ra, hogy semmilyen kompromisszummal nem \u00e9rhet\u0151 el egy olyan l\u00e9pcs\u0151 ami megfelelne az el\u0151\u00edr\u00e1sok minim\u00e1lis k\u00f6vetelm\u00e9nyeinek. Val\u00f3j\u00e1ban egy l\u00e9tra illene erre az adott helyre.<\/p><p align=\"center\"><img decoding=\"async\" style=\"cursor: default; width: 250px;\" src=\"https:\/\/lepcsok.eu\/wp-content\/uploads\/2023\/01\/20210609_183220.jpg\" alt=\"20210609_183220.jpg\" \/><\/p><p>A l\u00e9tr\u00e1n csak h\u00e1tr\u00e1lva lehet lefel\u00e9 k\u00f6zlekedni, ezzel szemben a l\u00e9pcs\u0151n el\u0151re haladva is biztons\u00e1gosan kell tudnunk ereszkedni.<br \/>Lefel\u00e9 l\u00e9pegetve egy feln\u0151ttnek (egy 43-as cip\u0151 talp\u00e1nak hossza kb. 31cm) sz\u00fcks\u00e9ge van legal\u00e1bb 21cm-es l\u00e9pcs\u0151fokra (+ 4 cm-es bel\u00f3g\u00e1sra), hogy minim\u00e1lisan biztons\u00e1gosnak \u00e9rezze k\u00f6zleked\u00e9s\u00e9t.<\/p><p align=\"center\"><img decoding=\"async\" src=\"https:\/\/lepcsok.eu\/wp-content\/uploads\/2023\/01\/01235864165.jpg\" alt=\"01235864165.jpg\" data-cke-saved-src=\"\/img\/picture\/643\/01235864165.jpg\" \/><\/p><p>Fontos! A minim\u00e1lis 21 cm-t csak egy max 10 mm-es \u00e9llet\u00f6r\u00e9s cs\u00f6kkentheti (a szabv\u00e1ny szerint) amit \u00e9n sokallok is. Javaslom a 4-6 mm-es g\u00f6mb\u00f6ly\u00edt\u00e9st illetve \u00e9llet\u00f6r\u00e9st. Semmilyen &#8222;d\u00edsz\u00edt\u0151&#8221; minta <span style=\"text-decoration: underline;\">NE legyen<\/span> a l\u00e9pcs\u0151fok fell\u00e9p\u0151 \u00e9l\u00e9n. Ilyennel is m\u00e1r sokszor tal\u00e1lkoztam.<br \/><img fetchpriority=\"high\" decoding=\"async\" class=\"aligncenter wp-image-6470\" src=\"https:\/\/lepcsok.eu\/wp-content\/uploads\/2024\/01\/img_20210503_111104.jpg\" alt=\"\" width=\"650\" height=\"530\" srcset=\"https:\/\/lepcsok.eu\/wp-content\/uploads\/2024\/01\/img_20210503_111104.jpg 935w, https:\/\/lepcsok.eu\/wp-content\/uploads\/2024\/01\/img_20210503_111104-300x244.jpg 300w, https:\/\/lepcsok.eu\/wp-content\/uploads\/2024\/01\/img_20210503_111104-768x626.jpg 768w\" sizes=\"(max-width: 650px) 100vw, 650px\" \/><\/p><p>Abban az esetben, ha a helysz\u0171ke miatt lehetetlen olyan l\u00e9pcs\u0151t szerkeszteni ahol ez a minim\u00e1lis \u00e9rt\u00e9k el\u00e9rhet\u0151, vegy\u00fck sz\u00e1m\u00edt\u00e1sba m\u00e9g ezeket a lehet\u0151s\u00e9geket:<\/p><p>1. A f\u00f6d\u00e9mny\u00edl\u00e1s nagyobb\u00edt\u00e1sa.<\/p><p>2. A f\u00f6d\u00e9mny\u00edl\u00e1s als\u00f3 \u00e9l\u00e9nek let\u00f6r\u00e9se.<br \/><img decoding=\"async\" class=\"aligncenter size-full wp-image-6497\" src=\"https:\/\/lepcsok.eu\/wp-content\/uploads\/2024\/01\/20210722_132724.jpg\" alt=\"\" width=\"800\" height=\"380\" srcset=\"https:\/\/lepcsok.eu\/wp-content\/uploads\/2024\/01\/20210722_132724.jpg 800w, https:\/\/lepcsok.eu\/wp-content\/uploads\/2024\/01\/20210722_132724-300x143.jpg 300w, https:\/\/lepcsok.eu\/wp-content\/uploads\/2024\/01\/20210722_132724-768x365.jpg 768w\" sizes=\"(max-width: 800px) 100vw, 800px\" \/><\/p><p>3. A fel\u00e9rkez\u0151\u00a0l\u00e9pcs\u0151fok bes\u00fcllyeszt\u00e9se\u00a0a talajba.<\/p><p><img decoding=\"async\" class=\"aligncenter wp-image-6501\" src=\"https:\/\/lepcsok.eu\/wp-content\/uploads\/2024\/01\/20210612_100136_resized-768x1024.jpg\" alt=\"\" width=\"600\" height=\"800\" srcset=\"https:\/\/lepcsok.eu\/wp-content\/uploads\/2024\/01\/20210612_100136_resized-768x1024.jpg 768w, https:\/\/lepcsok.eu\/wp-content\/uploads\/2024\/01\/20210612_100136_resized-225x300.jpg 225w, https:\/\/lepcsok.eu\/wp-content\/uploads\/2024\/01\/20210612_100136_resized.jpg 800w\" sizes=\"(max-width: 600px) 100vw, 600px\" \/><\/p><p>4. Fordul\u00f3s l\u00e9pcs\u0151 eset\u00e9ben m\u00e9g a l\u00e9pcs\u0151kar sz\u0171k\u00edt\u00e9se is seg\u00edthet.<br \/>erre p\u00e9ld\u00e1t <a href=\"https:\/\/lepcsok.eu\/?page_id=4430\">ITT tal\u00e1l<\/a>.<\/p><p>5. A l\u00e9pcs\u0151 \u00e1thelyez\u00e9se egy m\u00e1sik, erre esetleg alkalmasabb helyre.<\/p><p>6. Gondoljuk meg, hogy val\u00f3ban l\u00e9pcs\u0151re van-e sz\u00fcks\u00e9g\u00fcnk. Lehet, hogy az adott c\u00e9lra megfelel egy l\u00e9tra is.<\/p><p><span style=\"font-size: 15px;\"><span style=\"font-weight: bolder;\"><br \/>Ha m\u00e1r t\u00e9nyleg minden lehet\u0151s\u00e9get alaposan \u00e1tgondoltuk, akkor \u00e9s csak akkor esetleg sz\u00f3ba j\u00f6het a helytakar\u00e9kos l\u00e9pcs\u0151.<br \/><\/span><\/span><br \/>Az alap koncepci\u00f3ja nagyon egyszer\u0171. Szerkessz egy nagyon meredek l\u00e9pcs\u0151t, kis bel\u00e9p\u0151 fel\u00fcletekkel. Betartva a Blondel k\u00e9pletet 2xfell\u00e9p\u0151+bel\u00e9p\u0151=63cm.<br \/>Majd minden p\u00e1ros l\u00e9pcs\u0151fok bal oldal\u00e1b\u00f3l v\u00e1gj ki egy darabot, amit minden p\u00e1ratlan l\u00e9pcs\u0151fok jobb oldal\u00e1ra &#8222;hozz\u00e1ragaszthatsz&#8221;, megn\u00f6velve annak fel\u00fclet\u00e9t. (p\u00e1ros-p\u00e1ratlan, jobb-bal felcser\u00e9lhet\u0151k.) Ha az \u00edgy megn\u00f6velt fel\u00fclet el\u00e9ri a 23 cm-t akkor m\u00e1r k\u00e9sz is a l\u00e9pcs\u0151.<\/p><p>Sokan t\u00falbonyol\u00edtj\u00e1k a szerkeszt\u00e9st. Legt\u00f6bbsz\u00f6r a hiba, hogy bel\u00e9p\u0151 m\u00e9retnek a m\u00e1r kisz\u00e9les\u00edtett l\u00e9pcs\u0151fok m\u00e9lys\u00e9g\u00e9t sz\u00e1molj\u00e1k. \u00cdgy val\u00f3j\u00e1ban a k\u00edv\u00e1nt 63cm sokszor val\u00f3j\u00e1ban csak 45-50cm ami ink\u00e1bb gyerekl\u00e9p\u00e9snek felel meg. J\u00e1tsz\u00f3t\u00e9ren, cs\u00faszd\u00e1khoz vezet\u0151 l\u00e9pcs\u0151nek van ilyen l\u00e9p\u00e9s\u00e9rt\u00e9ke. Az ilyen elrontott pillang\u00f3l\u00e9pcs\u0151k miatt terjed ezeknek a l\u00e9pcs\u0151knek az indokolatlanul t\u00falzott rossz h\u00edr\u00fck. Egy helyes geometri\u00e1val k\u00e9sz\u00fclt helytakar\u00e9kos l\u00e9pcs\u0151, meglep\u0151en j\u00f3l haszn\u00e1lhat\u00f3.<\/p><p><span style=\"font-weight: bolder;\">A helytakar\u00e9kos l\u00e9pcs\u0151k el\u0151nyei:<\/span><\/p><p>1. Val\u00f3ban nagy meredeks\u00e9get tudunk el\u00e9rni,<\/p><p align=\"center\"><img decoding=\"async\" style=\"height: 600px; cursor: default; width: 450px;\" src=\"https:\/\/lepcsok.eu\/wp-content\/uploads\/2023\/01\/pd_7_file_010.jpg\" alt=\"pd_7_file_010.jpg\" data-cke-saved-src=\"\/img\/picture\/648\/pd_7_file_010.jpg\" \/><\/p><p>2. Szinte egy &#8222;l\u00e9tr\u00e1nyi&#8221; helyen kivitelezhet\u0151.<\/p><p><span style=\"font-weight: bolder;\">A helytakar\u00e9kos\u00a0l\u00e9pcs\u0151k h\u00e1tr\u00e1nyai:<\/span><\/p><p>1. Szokatlan k\u00f6zleked\u00e9si forma. Csak meghat\u00e1rozott l\u00e1bbal kezdhet\u00fcnk a l\u00e9pcs\u0151n haladni.<\/p><p><img decoding=\"async\" class=\"aligncenter\" style=\"height: 469px; cursor: default; width: 600px;\" src=\"https:\/\/lepcsok.eu\/wp-content\/uploads\/2023\/01\/pd_14_file_009.jpg\" alt=\"pd_14_file_009.jpg\" data-cke-saved-src=\"\/img\/picture\/649\/pd_14_file_009.jpg\" \/><\/p><p>2. Gyerekek sz\u00e1m\u00e1ra igaz\u00e1n vesz\u00e9lyes lehet. Kisebb gyerekek m\u00e9g nem tudj\u00e1k ezt a l\u00e9pcs\u0151t rendeltet\u00e9s szer\u0171en haszn\u00e1lni. (egy l\u00e1b &#8211; egy l\u00e9pcs\u0151fok)<\/p><p>3. Meredeks\u00e9g\u00e9b\u0151l\u00a0k\u00f6vetkezik, hogy egy esetleges megbotl\u00e1s komolyabb zuhan\u00e1st \u00e9s annak k\u00f6vetkezm\u00e9nyeit eredm\u00e9nyezheti.<\/p><p>4. Lefel\u00e9 j\u00f6vet a t\u00e9riszonnyal k\u00fczd\u0151k sz\u00e1m\u00e1ra kellemetlen lehet az el\u0151tt\u00fck t\u00e1tong\u00f3 m\u00e9lys\u00e9g l\u00e1tv\u00e1nya.<\/p><p><span style=\"font-weight: bolder;\">A balesetvesz\u00e9lyt enyh\u00edthetj\u00fck, ha biztos\u00edtunk\u00a0<u>mindk\u00e9t oldalra er\u0151s folyamatosan haszn\u00e1lhat\u00f3 kapaszkod<\/u><span style=\"text-decoration: underline;\">\u00f3t<\/span>. Esetleg a l\u00e9pcs\u0151 f\u00f6l\u00e9 bel\u00f3gathatunk\u00a0egy nagyobb ( 3-5 cm ) \u00e1tm\u00e9r\u0151j\u0171 k\u00f6telet.\u00a0<\/span><\/p><p>A l\u00e9pcs\u0151fokok kialak\u00edt\u00e1s\u00e1ra t\u00f6bb lehet\u0151s\u00e9g is van.<br \/>Hagyom\u00e1nyosan, leker\u00edtve:<\/p><p align=\"center\"><img decoding=\"async\" style=\"height: 600px; cursor: default; width: 450px;\" src=\"https:\/\/lepcsok.eu\/wp-content\/uploads\/2023\/01\/pd_13_file_011.jpg\" alt=\"pd_13_file_011.jpg\" data-cke-saved-src=\"\/img\/picture\/650\/pd_13_file_011.jpg\" \/><\/p><p>vagy eltolva:<br \/><img decoding=\"async\" class=\"aligncenter\" style=\"height: 950px; cursor: default; width: 450px;\" src=\"https:\/\/lepcsok.eu\/wp-content\/uploads\/2023\/01\/pd_18_file_011.jpg\" alt=\"pd_18_file_011.jpg\" data-cke-saved-src=\"\/img\/picture\/651\/pd_18_file_011.jpg\" \/><\/p><p>Nem aj\u00e1nlom a h\u00e1romsz\u00f6gesen\u00a0kialak\u00edtott form\u00e1t, mert ezen szinte csak terpesz\u00e1ll\u00e1sban lehet k\u00f6zlekedni.<\/p><p align=\"center\"><img decoding=\"async\" style=\"height: 674px; cursor: default; width: 450px;\" src=\"https:\/\/lepcsok.eu\/wp-content\/uploads\/2023\/01\/inline_resized_1024_5ba2603dcd937_283980.jpg\" alt=\"inline_resized_1024_5ba2603dcd937_283980.jpg\" data-cke-saved-src=\"\/img\/picture\/652\/inline_resized_1024_5ba2603dcd937_283980.jpg\" \/><img decoding=\"async\" style=\"height: 568px; cursor: default; width: 450px;\" src=\"https:\/\/lepcsok.eu\/wp-content\/uploads\/2023\/01\/3d546b1f7f040e6c0cb2cf0200fed74a.jpg\" alt=\"3d546b1f7f040e6c0cb2cf0200fed74a.jpg\" data-cke-saved-src=\"\/img\/picture\/653\/3d546b1f7f040e6c0cb2cf0200fed74a.jpg\" \/><\/p><p>Hasonl\u00f3 a probl\u00e9m\u00e1ja a cseh HSH \u00e9p\u00edt\u00e9szek \u00e1ltal tervezett, interneten nagyon n\u00e9pszer\u0171 l\u00e9pcs\u0151nek is.<br \/><img loading=\"lazy\" decoding=\"async\" class=\"aligncenter\" style=\"cursor: default;\" src=\"https:\/\/lepcsok.eu\/wp-content\/uploads\/2023\/01\/902dde63ab0e36f8235c1073db90a6fe.jpg\" alt=\"902dde63ab0e36f8235c1073db90a6fe.jpg\" width=\"800\" height=\"626\" data-cke-saved-src=\"\/img\/picture\/654\/902dde63ab0e36f8235c1073db90a6fe.jpg\" \/><\/p><p>Szint\u00e9n nem aj\u00e1nlom az ilyen l\u00e9pcs\u0151k &#8222;h\u00faz\u00e1s\u00e1t&#8221; fordul\u00e1s\u00e1t.<\/p><p align=\"center\"><img decoding=\"async\" style=\"height: 678px; cursor: default; width: 450px;\" src=\"https:\/\/lepcsok.eu\/wp-content\/uploads\/2023\/01\/994a783ebba43b2c1f4f5640eb04eb54.jpg\" alt=\"994a783ebba43b2c1f4f5640eb04eb54.jpg\" data-cke-saved-src=\"\/img\/picture\/655\/994a783ebba43b2c1f4f5640eb04eb54.jpg\" \/><\/p><p>Ha csak lehet, ink\u00e1bb oldjuk meg pihen\u0151vel a fordul\u00f3t. A fokok alakj\u00e1b\u00f3l ad\u00f3d\u00f3an nem sokat vesz\u00edt\u00fcnk a pihen\u0151vel. Nem \u00fagy mint a hagyom\u00e1nyos\u00a0l\u00e9pcs\u0151kn\u00e9l.<br \/><img loading=\"lazy\" decoding=\"async\" class=\"aligncenter\" style=\"cursor: default;\" src=\"https:\/\/lepcsok.eu\/wp-content\/uploads\/2023\/01\/trfw3er.jpg\" alt=\"trfw3er.jpg\" width=\"600\" height=\"455\" data-cke-saved-src=\"\/img\/picture\/660\/trfw3er.jpg\" \/>B\u00e1r szorosan nem ide tartozik, de m\u00e9g meg kell eml\u00edten\u00fcnk a k\u00f6r- \u00e9s csigal\u00e9pcs\u0151ket is, mert val\u00f3ban, bizonyos esetekben, sok helyet sp\u00f3rolhatunk vel\u00fck. L\u00e9nyeg\u00e9ben egy bizonyos minim\u00e1lis \u00e1tm\u00e9r\u0151nyi helyen ( 160-180 cm ) &#8222;korl\u00e1tlan&#8221; magass\u00e1gokba juthatunk.<br \/>12 m\u00e9terre, kevesebb, mint 4 m\u00e9teres \u00e1tm\u00e9r\u0151vel ak\u00e1r dupla karral is.<\/p><p align=\"center\"><img decoding=\"async\" style=\"height: 800px; cursor: default; width: 450px;\" src=\"https:\/\/lepcsok.eu\/wp-content\/uploads\/2023\/01\/20150615_115643-2.jpg\" alt=\"20150615_115643-2.jpg\" data-cke-saved-src=\"\/img\/picture\/657\/20150615_115643-2.jpg\" \/><\/p><p>Nemr\u00e9giben siker\u00fclt egy olyan csigal\u00e9pcs\u0151t terveznem, mely speci\u00e1lis k\u00f6zponti elemeinek k\u00f6sz\u00f6nhet\u0151en eg\u00e9szen kicsi \u00e1tm\u00e9r\u0151j\u0171 ny\u00edl\u00e1sokban is kell\u0151 karsz\u00e9less\u00e9get biztos\u00edt.<\/p><p><img loading=\"lazy\" decoding=\"async\" class=\"aligncenter\" style=\"cursor: default;\" src=\"https:\/\/lepcsok.eu\/wp-content\/uploads\/2023\/01\/pd_62_file_016.jpg\" alt=\"pd_62_file_016.jpg\" width=\"800\" height=\"450\" data-cke-saved-src=\"\/img\/picture\/658\/pd_62_file_016.jpg\" \/>Azon a szakaszon ahol \u00e9pp a l\u00e9pcs\u0151n k\u00f6zleked\u0151 szem\u00e9ly halad, mintha a k\u00f6zponti oszlop &#8222;elhajolna&#8221;, sz\u00e9lesebb \u00e1tj\u00e1r\u00e1st biztos\u00edtva.<br \/>\u00c9rdekess\u00e9ge m\u00e9g a tervnek, hogy mindezt az elhajl\u00e1st egyenes \u00e9s azonos elemek gy\u00e1rt\u00e1s\u00e1val lehet el\u00e9rni.<br \/><img loading=\"lazy\" decoding=\"async\" class=\"aligncenter\" style=\"cursor: default;\" src=\"https:\/\/lepcsok.eu\/wp-content\/uploads\/2023\/01\/pd_62_file_015.jpg\" alt=\"pd_62_file_015.jpg\" width=\"800\" height=\"566\" data-cke-saved-src=\"\/img\/picture\/659\/pd_62_file_015.jpg\" \/><\/p><p>A l\u00e9pcs\u0151 m\u00e9g nincs k\u00e9sz, de egy forgathat\u00f3 3D modellt itt tekinthet meg.<\/p><div class=\"sketchfab-embed-wrapper\"><p style=\"text-align: center;\"><iframe style=\"width: 502.992px;\" title=\"E2591 7 3D\" src=\"https:\/\/sketchfab.com\/models\/d5ed008c58304e69853b3b810448dd18\/embed\" width=\"640\" height=\"480\" frameborder=\"0\" allowfullscreen=\"allowfullscreen\"><\/iframe><\/p><p style=\"margin: 5px; font-size: 13px; color: #4a4a4a; text-align: center;\"><a style=\"color: #1caad9; font-weight: bold;\" href=\"https:\/\/sketchfab.com\/3d-models\/e2591-7-3d-d5ed008c58304e69853b3b810448dd18?utm_medium=embed&amp;utm_campaign=share-popup&amp;utm_content=d5ed008c58304e69853b3b810448dd18\" target=\"_blank\" rel=\"noopener\">E2591 7 3D\u00a0<\/a>by\u00a0<a style=\"color: #1caad9; font-weight: bold;\" href=\"https:\/\/sketchfab.com\/lepcsok?utm_medium=embed&amp;utm_campaign=share-popup&amp;utm_content=d5ed008c58304e69853b3b810448dd18\" target=\"_blank\" rel=\"noopener\">Ing. T. F\u00dcLEKI\u00a0<\/a>on\u00a0<a style=\"color: #1caad9; font-weight: bold;\" href=\"https:\/\/sketchfab.com\/?utm_medium=embed&amp;utm_campaign=share-popup&amp;utm_content=d5ed008c58304e69853b3b810448dd18\" target=\"_blank\" rel=\"noopener\">Sketchfab<\/a><\/p><p>Egy picit hasonl\u00f3 alap\u00f6tlet\u0171 a holland eeeStairs c\u00e9g &#8222;1m2&#8221; fant\u00e1zianev\u0171 l\u00e9pcs\u0151je. Kiss\u00e9 oldalazva, de lefel\u00e9 is haszn\u00e1lhat\u00f3<\/p><\/div><p style=\"text-align: center;\"><iframe style=\"width: 750px;\" title=\"YouTube video player\" src=\"https:\/\/www.youtube.com\/embed\/KnHRnt1XRyw\" width=\"800\" height=\"450\" frameborder=\"0\" scrolling=\"no\" align=\"middle\" allowfullscreen=\"allowfullscreen\"><\/iframe><\/p><p>Egy \u00e9rdekess\u00e9g: ha valaki a cs\u00fasz\u00e1sg\u00e1tl\u00f3k n\u00e9lk\u00fcl szeretn\u00e9 megrendelni, akkor annak 250\u20ac a fel\u00e1ra.<\/p>\t\t\t\t\t\t<\/div>\n\t\t\t\t<\/div>\n\t\t\t\t<div class=\"elementor-element elementor-element-669e66e elementor-widget elementor-widget-menu-anchor\" data-id=\"669e66e\" data-element_type=\"widget\" data-widget_type=\"menu-anchor.default\">\n\t\t\t\t<div class=\"elementor-widget-container\">\n\t\t\t<style>\/*! elementor - v3.19.0 - 28-02-2024 *\/\nbody.elementor-page .elementor-widget-menu-anchor{margin-bottom:0}<\/style>\t\t<div id=\"1m2\" class=\"elementor-menu-anchor\"><\/div>\n\t\t\t\t<\/div>\n\t\t\t\t<\/div>\n\t\t\t\t\t<\/div>\n\t\t<\/div>\n\t\t\t\t\t<\/div>\n\t\t<\/section>\n\t\t\t\t<\/div>\n\t\t","protected":false},"excerpt":{"rendered":"<p>Strana po slovensky L\u00e9pcs\u0151? L\u00e9tra? Helytakar\u00e9kos l\u00e9pcs\u0151?Mi legyen ha kev\u00e9s a hely. A gyakorlatban sokszor tal\u00e1lkozhatunk olyan helyzettel, amikor annyira kicsi a kialak\u00edtott hely a l\u00e9pcs\u0151 sz\u00e1m\u00e1ra, hogy semmilyen kompromisszummal nem \u00e9rhet\u0151 el egy olyan l\u00e9pcs\u0151 ami megfelelne az el\u0151\u00edr\u00e1sok minim\u00e1lis k\u00f6vetelm\u00e9nyeinek. Val\u00f3j\u00e1ban egy l\u00e9tra illene erre az adott helyre. A l\u00e9tr\u00e1n csak h\u00e1tr\u00e1lva lehet [&hellip;]<\/p>\n","protected":false},"author":1,"featured_media":0,"parent":0,"menu_order":0,"comment_status":"closed","ping_status":"closed","template":"elementor_header_footer","meta":{"om_disable_all_campaigns":false,"_monsterinsights_skip_tracking":false,"_monsterinsights_sitenote_active":false,"_monsterinsights_sitenote_note":"","_monsterinsights_sitenote_category":0,"footnotes":""},"class_list":["post-694","page","type-page","status-publish","hentry"],"aioseo_notices":[],"_links":{"self":[{"href":"https:\/\/lepcsok.eu\/index.php?rest_route=\/wp\/v2\/pages\/694","targetHints":{"allow":["GET"]}}],"collection":[{"href":"https:\/\/lepcsok.eu\/index.php?rest_route=\/wp\/v2\/pages"}],"about":[{"href":"https:\/\/lepcsok.eu\/index.php?rest_route=\/wp\/v2\/types\/page"}],"author":[{"embeddable":true,"href":"https:\/\/lepcsok.eu\/index.php?rest_route=\/wp\/v2\/users\/1"}],"replies":[{"embeddable":true,"href":"https:\/\/lepcsok.eu\/index.php?rest_route=%2Fwp%2Fv2%2Fcomments&post=694"}],"version-history":[{"count":109,"href":"https:\/\/lepcsok.eu\/index.php?rest_route=\/wp\/v2\/pages\/694\/revisions"}],"predecessor-version":[{"id":8596,"href":"https:\/\/lepcsok.eu\/index.php?rest_route=\/wp\/v2\/pages\/694\/revisions\/8596"}],"wp:attachment":[{"href":"https:\/\/lepcsok.eu\/index.php?rest_route=%2Fwp%2Fv2%2Fmedia&parent=694"}],"curies":[{"name":"wp","href":"https:\/\/api.w.org\/{rel}","templated":true}]}}