{"id":3155,"date":"2023-02-06T13:12:06","date_gmt":"2023-02-06T13:12:06","guid":{"rendered":"https:\/\/lepcsok.eu\/?page_id=3155"},"modified":"2023-11-11T20:17:38","modified_gmt":"2023-11-11T20:17:38","slug":"lepcso-szamitas-elso-modszer","status":"publish","type":"page","link":"https:\/\/lepcsok.eu\/?page_id=3155","title":{"rendered":"L\u00e9pcs\u0151 sz\u00e1m\u00edt\u00e1s &#8211; L\u00e9pcs\u0151nk helyig\u00e9nye \u2013 a \u201etervez\u00e9si\u201d m\u00f3dszer"},"content":{"rendered":"\t\t<div data-elementor-type=\"wp-page\" data-elementor-id=\"3155\" class=\"elementor elementor-3155\" data-elementor-post-type=\"page\">\n\t\t\t\t\t\t<section class=\"elementor-section elementor-top-section elementor-element elementor-element-d4a0988 elementor-section-boxed elementor-section-height-default elementor-section-height-default\" data-id=\"d4a0988\" data-element_type=\"section\">\n\t\t\t\t\t\t<div class=\"elementor-container elementor-column-gap-default\">\n\t\t\t\t\t<div class=\"elementor-column elementor-col-100 elementor-top-column elementor-element elementor-element-78711f5\" data-id=\"78711f5\" data-element_type=\"column\">\n\t\t\t<div class=\"elementor-widget-wrap elementor-element-populated\">\n\t\t\t\t\t\t<div class=\"elementor-element elementor-element-4788baf elementor-widget elementor-widget-text-editor\" data-id=\"4788baf\" data-element_type=\"widget\" data-widget_type=\"text-editor.default\">\n\t\t\t\t<div class=\"elementor-widget-container\">\n\t\t\t<style>\/*! elementor - v3.19.0 - 28-02-2024 *\/\n.elementor-widget-text-editor.elementor-drop-cap-view-stacked .elementor-drop-cap{background-color:#69727d;color:#fff}.elementor-widget-text-editor.elementor-drop-cap-view-framed .elementor-drop-cap{color:#69727d;border:3px solid;background-color:transparent}.elementor-widget-text-editor:not(.elementor-drop-cap-view-default) .elementor-drop-cap{margin-top:8px}.elementor-widget-text-editor:not(.elementor-drop-cap-view-default) .elementor-drop-cap-letter{width:1em;height:1em}.elementor-widget-text-editor .elementor-drop-cap{float:left;text-align:center;line-height:1;font-size:50px}.elementor-widget-text-editor .elementor-drop-cap-letter{display:inline-block}<\/style>\t\t\t\t<!DOCTYPE html PUBLIC \"-\/\/W3C\/\/DTD XHTML 1.0 Transitional\/\/EN\" \"http:\/\/www.w3.org\/TR\/xhtml1\/DTD\/xhtml1-transitional.dtd\">\n\n<html lang=\"hu\" xml:lang=\"hu\" xmlns=\"http:\/\/www.w3.org\/1999\/xhtml\" xmlns:fb=\"http:\/\/ogp.me\/ns\/fb#\"><head><meta http-equiv=\"Content-Type\" content=\"text\/html; charset=UTF-8\">\n\n        \n        <meta name=\"description\" content=\"Egyedi fal\u00e9pcs\u0151k tervez\u00e9se, kivitelez\u00e9se 20 \u00e9ves tapasztalattal. Sok-sok referenci\u00e1val, t\u00f6bb sz\u00e1z saj\u00e1t k\u00e9ppel, hasznos inform\u00e1ci\u00f3kkal. Az oldalon on-line automata l\u00e9pcs\u0151sz\u00e1mol\u00f3 program.\">\n        <meta name=\"keywords\" content=\"l\u00e9pcs\u0151,fal\u00e9pcs\u0151,l\u00e9pcs\u0151tervez\u00e9s,hajl\u00edtott l\u00e9pcs\u0151,l\u00e9pcs\u0151k,fal\u00e9pcs\u0151k\">\n        <meta name=\"robots\" content=\"all,follow\">\n        <meta name=\"author\" content=\"\">\n        <meta name=\"google-site-verification\" content=\"RdXiumjaauFOw6F-FEIz_ZmUtjL4yzNfSUU5B_-W6QI\">\n       \n                              \n\n    \n      <!-- Text of the article -->\n      <div class=\"editor-area\">\n  <form name=\"lap\">\n  \n<p align=\"center\"> <h3>A l\u00e9pcs\u0151nk helyig\u00e9nye &#8211; a &#8222;tervez\u00e9si&#8221; m\u00f3dszer<\/h3>\n\nEzt a m\u00f3dszert a tervez\u00e9si f\u00e1zisban haszn\u00e1lhatjuk. Itt pontosan kisz\u00e1molhatjuk az \u00e1ltalunk m\u00e9g k\u00e9nyelmesnek vagy biztons\u00e1gosnak meg\u00edt\u00e9lt l\u00e9pcs\u0151nk helyig\u00e9ny\u00e9t. Vagy kialak\u00edthatunk egy eg\u00e9szs\u00e9ges kompromisszumot.<\/br>\n\nAmennyiben m\u00e1r a f\u00f6d\u00e9mny\u00edl\u00e1s m\u00e9retein vagy a l\u00e9pcs\u0151nk hossz\u00e1n, magass\u00e1g\u00e1n nem tudunk v\u00e1ltoztatni, alkalmazzuk a <a href=\"https:\/\/lepcsok.eu\/?page_id=3099\"> &#8222;kivitelez\u00e9si&#8221; m\u00f3dszer<\/a>t.<\/br>\n\nA k\u00e9pen egy leegyszer\u0171s\u00edtett s\u00e9m\u00e1t l\u00e1tunk, ez egy egyenes l\u00e9pcs\u0151 metszete. Term\u00e9szetesen b\u00e1rmilyen pihen\u0151 n\u00e9lk\u00fcli l\u00e9pcs\u0151 forma eset\u00e9n is ugyanezek az \u00e9rt\u00e9kek haszn\u00e1lhat\u00f3ak. Akkor ezt az \u00e1br\u00e1t a<a title=\"mi is az a j\u00e1r\u00f3vonal\" href=\"https:\/\/lepcsok.eu\/?page_id=775\"> j\u00e1r\u00f3vonal <\/a>menti kiter\u00edtett metszeti rajznak kell tekinteni.<\/br>\nA l\u00e9pcs\u0151 alaprajzi helyig\u00e9nye csak az egyik fontos t\u00e9nyez\u0151 amivel j\u00f3 ha tiszt\u00e1ban vagyunk. A m\u00e1sik sok esetben szint\u00e9n nagyon fontos adat a f\u00f6d\u00e9mny\u00edl\u00e1s m\u00e9rete, amit szint\u00e9n kisz\u00e1mol a program. Ez\u00e9rt sz\u00fcks\u00e9ges megadni alapadatk\u00e9nt az indul\u00f3 szinten m\u00e9rt belmagass\u00e1got is.<\/br>\nAz el\u0151\u00edr\u00e1sokt\u00f3l elt\u00e9r\u0151 \u00e9rt\u00e9kekre felugr\u00f3 ablakok figyelmeztetnek, \u00e9s lehets\u00e9ges megold\u00e1st k\u00edn\u00e1lnak. A program ennek ellen\u00e9re is kisz\u00e1molja a m\u00e9reteket, de ezek ebben az esetben csak t\u00e1j\u00e9koztat\u00f3 jelleg\u0171ek.<\/br>\nAz egeret az \u00e9rt\u00e9k f\u00f6l\u00f6tt meg\u00e1ll\u00edtva, kis ablakban az \u00e9rt\u00e9kre vonatkoz\u00f3 tov\u00e1bbi hasznos inform\u00e1ci\u00f3 jelenik meg.<\/br>\n\nHa tov\u00e1bbi k\u00e9rd\u00e9se lenne k\u00e9rem olvassa el a <a href=\"https:\/\/lepcsok.eu\/?page_id=503\">gyakran ism\u00e9tl\u0151d\u0151 k\u00e9rd\u00e9sek (GYIK)<\/a> men\u00fcpontot, lehet, hogy ott v\u00e1laszt tal\u00e1l.<\/br>\n\n\n<p align=\"center\"><img decoding=\"async\" class=\"text-picture\" title=\"A PIROS \u00e9rt\u00e9kek megad\u00e1sa ut\u00e1n, az oldal kisz\u00e1m\u00edtja a Z\u00d6LD m\u00e9reteket. Figyeljen a felugr\u00f3 \u00fczenetekre!\" src=\"https:\/\/lepcsok.eu\/wp-content\/uploads\/2023\/01\/lepcsoszamitas0.jpg\" alt=\"A PIROS \u00e9rt\u00e9kek megad\u00e1sa ut\u00e1n, az oldal kisz\u00e1m\u00edtja a Z\u00d6LD m\u00e9reteket. Figyeljen a felugr\u00f3 \u00fczenetekre!\" \/><\/br>\n<u>A<span style=\"font-size: 16px;\"> <span style=\"font-size: 18px;\"><strong><span style=\"color: #ff0000;\"><span style=\"background-color: #ffffff;\">PIROS<\/span><\/span><\/strong><\/span><span style=\"background-color: #ffffff;\">\u00a0<\/span><\/span>\u00e9rt\u00e9keket v\u00e1ltoztathatja. Tizedesvessz\u0151 helyett haszn\u00e1ljon pontot.<\/u><\/br>\n<span style=\"font-size: 14px;\">Seg\u00edts\u00e9get kaphat, ha az \u00e9rt\u00e9ken \u00e1ll az eg\u00e9rrel egy m\u00e1sodpercig.<\/span><\/br>\n\n\n\n<span style=\"color: #ff0000;\"><span style=\"font-size: large;\">M=  <\/span> \n\n<strong><input style=\"font: bold 18px tahoma; width: 100px; color: #ff0000; height: 25px; background-color: #ffffff; border-color: #ffcc99; border-width: 2px; text-align: right;\" title=\"Az indul\u00f3 szint talajburkolat\u00e1nak tetej\u00e9t\u0151l az \u00e9rkez\u0151 szint talajburkolat\u00e1nak tetej\u00e9ig m\u00e9rt f\u00fcgg\u0151leges szintk\u00fcl\u00f6nbs\u00e9g.\" name=\"V\" size=\"2\" type=\"text\" value=\"310.5\" \/> <\/strong> cm &#8211; a szintk\u00fcl\u00f6nbs\u00e9g. <\/span><\/br>\n\n\n\n<span style=\"color: #ff0000; font-size: large;\">BM= <\/span> \n\n<input style=\"font: bold 18px tahoma; width: 100px; color: #ff0000; height: 25px; background-color: #ffffff; border-color: #ffcc99; border-width: 2px; text-align: right;\" \n\ntitle=\"A f\u00f6d\u00e9mny\u00edl\u00e1s elej\u00e9n m\u00e9rt belmagass\u00e1g. Ne feledkezz\u00fcnk meg a k\u00e9s\u0151bbi gipszkarton bor\u00edt\u00e1sr\u00f3l, illetve ha van, akkor az \u00e1thidal\u00f3 bel\u00f3g\u00e1s\u00e1r\u00f3l!\" \n\nname=\"VP\" size=\"2\" type=\"text\" value=\"280.5\" \/> \n\n<span style=\"color: #ff0000;\"> cm &#8211; a belmagass\u00e1g.<\/br>\n\n\n\n\n<span style=\"color: #ff0000;\"><span style=\"font-size: large;\"> n= <\/strong> <\/span>   <input style=\"font: bold 18px tahoma; width: 70px; color: #ff0000; height: 25px; background-color: #ffffff; border-color: #ffcc99; border-width: 2px; text-align: right;\" title=\"A l\u00e9pcs\u0151fokok sz\u00e1ma, bele\u00e9rtve azt a l\u00e9pcs\u0151fokot is amely az \u00e9rkez\u0151szinttel egy magass\u00e1gban van. A l\u00e9pcs\u0151fokok sz\u00e1ma egy l\u00e9pcs\u0151karon bel\u00fcl legfeljebb 20darab lehet.\" name=\"n\" size=\"2\" type=\"text\" value=\"18\" \/> <\/strong> fok  &#8211; a l\u00e9pcs\u0151fokok sz\u00e1ma. <\/br>\n\n<span style=\"color: #ff0000; font-size: large;\"> L= <\/span> <input style=\"font: bold 18px tahoma; width: 70px; color: #ff0000; height: 25px; background-color: #ffffff; border-color: #ffcc99; border-width: 2px; text-align: right;\" title=\"A l\u00e9pcs\u0151k\u00e9plet: 2xF+B=63cm alapj\u00e1n sz\u00e1m\u00edtjuk ki az \u00fagynevezett l\u00e9p\u00e9shosszt. Ez egy \u00e1tlagos feln\u0151tt sz\u00e1m\u00e1ra 63cm. A hat\u00e1lyos jogszab\u00e1lyok azonban megengedik \u00e9rt\u00e9k\u00e9t megv\u00e1ltoztatni 60-64cm k\u00f6z\u00f6tt. Azonban ne feledj\u00fck, hogy ez \u00f6sszef\u00fcgg a l\u00e9pcs\u0151n k\u00f6zled\u0151k magass\u00e1g\u00e1val. P\u00e9ld\u00e1ul, ha magasabb termet\u0171ek akik k\u00e9s\u0151bb haszn\u00e1lni fogj\u00e1k a l\u00e9pcs\u0151t, nem aj\u00e1nlom a l\u00e9p\u00e9shosszt 61.5cm al\u00e1 \u00e1ll\u00edtani.\" max=\"64\" min=\"60\" name=\"L\" size=\"2\" type=\"text\" value=\"63\" \/> cm <\/span> &#8211; a l\u00e9p\u00e9shossz 60-64cm<\/br>\n\n<span style=\"color: #ff0000;\"><span style=\"font-size: large;\">AT= <\/span>   <input style=\"font: bold 18px tahoma; width: 80px; color: #ff0000; height: 25px; background-color: #ffffff; border-color: #ffcc99; border-width: 2px; text-align: right;\" title=\"Az OT\u00c9K lak\u00e1sokban, \u00fcd\u00fcl\u0151kben enged\u00e9lyezi ennek az \u00e9rt\u00e9knek cs\u00f6kkent\u00e9s\u00e9t indokolt esetben 200cm-re, ami a val\u00f3s\u00e1gban elegend\u0151 egy \u00e1tlagos feln\u0151tt sz\u00e1m\u00e1ra.\" max=\"300\" min=\"190\" name=\"AT\" size=\"3\" type=\"text\" value=\"220\" \/> <\/strong> cm <\/span> &#8211; az \u00e1tj\u00e1r\u00f3magass\u00e1g. <\/br>\n\n<span style=\"font-size: large;\"> nf= <\/span> <input style=\"font: bold 18px tahoma; width: 80px; color: #ff0000; height: 25px; background-color: #ffffff; border-color: #ffcc99; border-width: 2px; text-align: right;\" title=\"Az utols\u00f3 n-edik l\u00e9pcs\u0151fok m\u00e9rete. Ez egy m\u00e1r az \u00e9rkez\u0151 szinttel egy magass\u00e1g\u00e1ban l\u00e9v\u0151, \u00e1ltal\u00e1ban nem teljes m\u00e9lys\u00e9g\u0171, de l\u00e9pcs\u0151fok vastags\u00e1g\u00fa elem. T\u00f6bbnyire ez plusz 12cm-t jelent. Ha minden centim\u00e9ter sz\u00e1m\u00edt akkor is legal\u00e1bb 5-6cm-el sz\u00e1moljunk. B\u0151vebb magyar\u00e1zat lent.\" max=\"50\" min=\"2\" name=\"UT\" size=\"2\" type=\"text\" value=\"12\" \/> cm  &#8211; az utols\u00f3 l\u00e9pcs\u0151fok.\n\n\n\n\n\n<p style=\"text-align: center;\">&nbsp; <marquee behavior=\"alternate\" direction=\"right\" scrollamount=\"2\" scrolldelay=\"2\" style=\"width: 500px;\" width=\"500\"><input onclick=\"szamol()\" size=\"69\" style=\"font: bold 18px tahoma; border-color: rgb(255, 204, 153); border-width: 3px; width: 370px; height: 50px;\" title=\"Ide kell kattintani a sz\u00e1mol\u00e1s elind\u00edt\u00e1s\u00e1hoz.B\u00e1rmelyik \u00e9rt\u00e9k megv\u00e1ltoztat\u00e1sa ut\u00e1n \u00fajra kell ind\u00edtani ezt a sz\u00e1mol\u00e1st, hogy helyes \u00e9rt\u00e9keket kapjunk.\" type=\"button\" value=\"(klikk)      Sz\u00e1molj!    (klikk)\" \/> <\/marquee> <span style=\"font-size: large;\"> <strong> <\/strong><\/span><\/p>\n\n\n\n\n\n\n\n\n\n<p style=\"text-align: left;\">\n\n<span style=\"color: #008000;\">\n<span style=\"font-size: large;\">\n  F= <\/strong> <\/span> \n  <input style=\"font: bold 18px tahoma; border-width: 0pt; width: 90px; color: #007e00; height: 28px; text-align: right;\" \ntitle=\"Ha szeretn\u00e9 cs\u00f6kkenteni egy l\u00e9pcs\u0151fok magass\u00e1g\u00e1t, n\u00f6velje a l\u00e9pcs\u0151fokok sz\u00e1m\u00e1t!\" \nname=\"h\" readonly=\"readonly\" size=\"3\" type=\"text\" \/> \n<span style=\"font-size: large;\">cm <\/span><\/strong> <\/span> \n<span style=\"font-size: 14px;\"> \n<span style=\"color: #008000;\"> egy l\u00e9pcs\u0151fok magass\u00e1ga \n<\/span><\/span><\/br>\n\n\n\n\n<span style=\"color: #008000;\"><span style=\"font-size: large;\"> B= <\/strong> <\/span>   <input style=\"font: bold 18px tahoma; border-width: 0pt; width: 90px; color: #007e00; height: 28px; text-align: right;\" title=\"Ha szeretn\u00e9 n\u00f6velni egy l\u00e9pcs\u0151fok m\u00e9lys\u00e9g\u00e9t, n\u00f6velje a l\u00e9pcs\u0151fokok sz\u00e1m\u00e1t, vagy n\u00f6velje a l\u00e9p\u00e9shosszt maximum 64cm-re!\" name=\"b\" readonly=\"readonly\" size=\"3\" type=\"text\" \/> <span style=\"font-size: large;\">cm <\/span><\/strong> <\/span> <span style=\"font-size: 14px;\"> <span style=\"color: #008000;\"> egy l\u00e9pcs\u0151fok m\u00e9lys\u00e9ge <\/span><\/span><\/br>\n\n<span style=\"color: #008000;\"><span style=\"font-size: large;\"> H= <\/strong> <\/span>   <input style=\"font: bold 18px tahoma; border-width: 0pt; width: 90px; color: #007e00; height: 28px; text-align: right;\" title=\"Ha szeretn\u00e9 cs\u00f6kkenteni a l\u00e9pcs\u0151kar hossz\u00e1t, cs\u00f6kkentse a l\u00e9pcs\u0151fokok sz\u00e1m\u00e1t, vagy cs\u00f6kkentse a l\u00e9p\u00e9shosszt!\" name=\"S\" readonly=\"readonly\" size=\"3\" type=\"text\" \/> <span style=\"font-size: large;\">cm <\/span><\/strong> <\/span> <span style=\"font-size: 14px;\"> <span style=\"color: #008000;\"> a l\u00e9pcs\u0151kar alaprajzi hossza, bele\u00e9rtve az utols\u00f3 l\u00e9pcs\u0151fokot is. <\/span><\/span><\/br>\n\n<span style=\"color: #008000;\"><span style=\"font-size: large;\"> FV= <\/strong> <\/span>   <input style=\"font: bold 18px tahoma; border-width: 0pt; width: 90px; color: #007e00; text-align: right;\" title=\"A teljes szintk\u00fcl\u00f6nbs\u00e9g \u00e9s a belmagass\u00e1g k\u00fcl\u00f6nbs\u00e9ge. Ha nem helyes ez az \u00e9rt\u00e9k akkor a belmagass\u00e1got, vagy a teljes szintk\u00fcl\u00f6nbs\u00e9get rosszul adta meg.\" name=\"HR\" readonly=\"readonly\" size=\"3\" type=\"text\" \/> <span style=\"font-size: large;\">cm <\/span><\/strong> <\/span> <span style=\"font-size: 14px;\"> <span style=\"color: #008000;\"> a f\u00f6d\u00e9mvastags\u00e1g. <\/span><\/span><\/br>\n\n<span style=\"color: #008000;\"><span style=\"font-size: large;\"> FH= <\/strong> <\/span>   <input style=\"font: bold 18px tahoma; border-width: 0pt; width: 90px; color: #007e00; height: 28px; text-align: right;\" title=\"Ha szeretn\u00e9 cs\u00f6kkenteni a f\u00f6d\u00e9mny\u00edl\u00e1s hossz\u00e1t, cs\u00f6kkentse a l\u00e9pcs\u0151fokok sz\u00e1m\u00e1t, vagy cs\u00f6kkentse a l\u00e9p\u00e9shosszt!\" name=\"SS\" readonly=\"readonly\" size=\"3\" type=\"text\" \/> <span style=\"font-size: large;\">cm <\/span><\/strong> <\/span> <span style=\"font-size: 14px;\"> <span style=\"color: #008000;\"> a f\u00f6d\u00e9mny\u00edl\u00e1s hossza, bele\u00e9rtve az utols\u00f3 l\u00e9pcs\u0151fokot is. <\/span><\/span><\/br>\n\n<span style=\"color: #008000;\"><span style=\"font-size: large;\"> ALFA= <\/strong> <\/span>   <input style=\"font: bold 18px tahoma; border-width: 0pt; width: 80px; color: #007e00; height: 28px; text-align: right;\" title=\"Ha szeretn\u00e9 cs\u00f6kkenteni az emelked\u00e9s sz\u00f6g\u00e9t, n\u00f6velje a l\u00e9pcs\u0151fokok sz\u00e1m\u00e1t!\" name=\"ALFA\" readonly=\"readonly\" size=\"3\" type=\"text\" \/>\u00a0 <span style=\"font-size: x-large;\">\u00b0 <span style=\"font-size: 14px;\"> <span style=\"color: #008000;\"> az emelked\u00e9s sz\u00f6ge. <\/span>\n\n<p style=\"text-align: left;\"><span style=\"color: #008000;\">A l\u00e9pcs\u0151kar, a f\u00f6d\u00e9mny\u00edl\u00e1s <\/br>\n kezdete el\u0151tt <input style=\"font: bold 18px tahoma; border-width: 0pt; width: 80px; color: #007e00; height: 28px; text-align: right;\" name=\"SM\" readonly=\"readonly\" size=\"2\" type=\"text\" \/>centim\u00e9terrel m\u00e1r indulhat, teh\u00e1t <\/br> \n\nm\u00e9g az els\u0151 <input style=\"font: bold 18px tahoma; border-width: 0pt; width: 80px; color: #007e00; height: 28px; text-align: right;\" name=\"SMF\" readonly=\"readonly\" size=\"1\" type=\"text\" \/>l\u00e9pcs\u0151fok <\/strong>  a plafon alatt futhat, \u00e9s csak ezut\u00e1n \u00e9rj\u00fck el a megadott \u00e1tj\u00e1r\u00f3 magass\u00e1got. <\/strong><\/span><\/p>\n<p style=\"text-align: left;\"><span style=\"color: #008000;\">\u00a0  Tov\u00e1bb\u00e1 hasznos figyelembe venni k\u00e9t r\u00e9gi tapasztalati k\u00e9pletet:<\/br>\n1. a l\u00e9pcs\u0151 &#8222;<u>biztons\u00e1gi<\/u>&#8221; m\u00e9rt\u00e9k\u00e9t mutat\u00f3 F+B \u00f6sszeget. Melynek ide\u00e1lis \u00e9rt\u00e9ke <u>46 cm<\/u>. A mi eset\u00fcnkben ez <input style=\"font: bold 18px tahoma; border-width: 0pt; width: 80px; color: #007e00; height: 28px; text-align: right;\" title=\"Ha szeretn\u00e9 n\u00f6velni ezt az \u00e9rt\u00e9ket, emelje a l\u00e9pcs\u0151fokok sz\u00e1m\u00e1t, esetleg n\u00f6velje a l\u00e9p\u00e9shosszt!\" name=\"BIZT\" readonly=\"readonly\" size=\"2\" type=\"text\" \/>centim\u00e9ter. <\/strong><\/br>\n 2. a l\u00e9pcs\u0151 <u>k\u00e9nyelmi<\/u> fok\u00e1t meghat\u00e1roz\u00f3 \u00e9rt\u00e9ket, mely a l\u00e9pcs\u0151fok bel\u00e9p\u0151- \u00e9s fell\u00e9p\u0151 m\u00e9ret\u00e9nek a k\u00fcl\u00f6nbs\u00e9ge B-F. Ennek ide\u00e1lis \u00e9rt\u00e9ke <u>12 cm<\/u>. A mi eset\u00fcnkben ez <input style=\"font: bold 18px tahoma; border-width: 0pt; width: 80px; color: #007e00; height: 28px; text-align: right;\" title=\"Ha szeretn\u00e9 n\u00f6velni ezt az \u00e9rt\u00e9ket, emelje a l\u00e9pcs\u0151fokok sz\u00e1m\u00e1t!\" name=\"KENY\" readonly=\"readonly\" size=\"1\" type=\"text\" \/>centim\u00e9ter. <\/strong>\n\n<p style=\"text-align: left;\"> Az utols\u00f3 k\u00e9t \u00e9rt\u00e9ket nagyon neh\u00e9z manaps\u00e1g megk\u00f6zel\u00edteni is, mert a biztons\u00e1g \u00e9s a k\u00e9nyelem er\u0151sen h\u00e1tt\u00e9rbe szorult a helytakar\u00e9koss\u00e1g jav\u00e1ra. A l\u00e9pcs\u0151re \u00e1ldozott plusz n\u00e9gyzetm\u00e9ter k\u00e9nyelmesebb\u00e9 \u00e9s biztons\u00e1gosabb\u00e1 teheti a teljes fels\u0151 szint kihaszn\u00e1lhat\u00f3s\u00e1g\u00e1t.<\/strong><\/p>\n\u00a0   Az utols\u00f3 (&#8222;n&#8221;-edik) l\u00e9pcs\u0151fok, m\u00e9rete= <span style=\"color: #ff0000;\"> <span style=\"font-size: large;\"> nf<\/span><\/span><\/strong> m\u00e1r az \u00e9rkez\u0151 szinttel egy magass\u00e1g\u00e1ban l\u00e9v\u0151, \u00e1ltal\u00e1ban nem teljes m\u00e9lys\u00e9g\u0171, l\u00e9pcs\u0151fok vastags\u00e1g\u00fa elem.<\/br>\n\u2022Az utols\u00f3 homloklap r\u00f6gz\u00edt\u00e9se,<\/br>\n\u2022az \u00e9rkez\u0151 szint talajburkolat\u00e1nak \u00e9lz\u00e1r\u00e1sa,<\/br>\n\u2022a f\u00f6d\u00e9mny\u00edl\u00e1s burkolat\u00e1nak r\u00f6gz\u00edt\u00e9se,<\/br>\n\u2022az utols\u00f3 el\u0151tti l\u00e9pcs\u0151fok &#8222;al\u00e1l\u00e9p\u00e9s\u00e9nek&#8221; lehet\u0151s\u00e9ge,<\/br>\n\u2022\u00e9s sok esetben a korl\u00e1t r\u00f6gz\u00edt\u00e9se miatt sz\u00fcks\u00e9ges beszerkeszten\u00fcnk a l\u00e9pcs\u0151karba.<\/br>\nEz\u00e9rt a k\u00e9pletek a &#8222;f\u00f6d\u00e9mny\u00edl\u00e1s hossz\u00e1hoz&#8221; \u00e9s a &#8222;l\u00e9pcs\u0151kar alaprajzi hossz\u00fas\u00e1g\u00e1hoz&#8221; ezt a m\u00e9retet hozz\u00e1sz\u00e1molt\u00e1k.<\/br><\/br>\n<p style=\"text-align: left;\"><span style=\"font-size: medium;\">Tervezem az egy- \u00e9s k\u00e9tfordul\u00f3s illetve a klasszikus csigal\u00e9pcs\u0151k szerkeszt\u00e9s\u00e9t, sz\u00e1m\u00edt\u00e1s\u00e1t is be\u00e9p\u00edteni a k\u00e9pletekbe. K\u00e9rem t\u00e9rjen vissza k\u00e9s\u0151bb. <u><a href=\"https:\/\/lepcsok.eu\/?page_id=271\">Addig is tekintse meg az eddig elk\u00e9sz\u00fclt l\u00e9pcs\u0151im fot\u00f3it a gal\u00e9ri\u00e1kban<\/a><\/u>.<\/span><\/p>\n<script language=\"javascript\">\n   function szamol(){\n      var V;\n      var VP;\n      var HR;\n      var n;\n      var UT;\n      var h;\n      var b;\n      var L;\n      var S;\n      var SS;\n      var AT;\n      var ALFA;\n      var SM;\n      var SMF;\n      var BIZT;\n      var KENY;\n\n      {with (Math)\n\n        if (document.lap.L.value < 60) window.alert (\"A l\u00e9p\u00e9shossz t\u00fal kicsi!!! 60cm alatti l\u00e9p\u00e9s hosszt csak kiz\u00e1r\u00f3lag gyermekek \u00e1ltal haszn\u00e1lt l\u00e9pcs\u0151k eset\u00e9ben v\u00e1lasszunk!\");\n        if (document.lap.L.value > 65) window.alert (\"A l\u00e9p\u00e9shossz t\u00fal nagy!!! 65cm feletti l\u00e9p\u00e9s hosszt semmi esetben sem haszn\u00e1ljunk l\u00e9pcs\u0151k sz\u00e1m\u00edt\u00e1sakor! Az optim\u00e1lis l\u00e9p\u00e9shossz 63cm.\");\n        if (document.lap.AT.value < 200) window.alert (\"Az \u00e1tj\u00e1r\u00f3magass\u00e1g t\u00fal kicsi!!! A hivatalos el\u0151\u00edr\u00e1sok szerint ez minimum 220cm. Egy \u00e1tlagos testmagass\u00e1g\u00fa feln\u0151tt sz\u00e1m\u00e1ra elegend\u0151 a 200cm-es magass\u00e1g, ami megengedett \u00e9rt\u00e9k lak\u00e1sokban \u00fcd\u00fcl\u0151kben.\");\n        if (document.lap.n.value > 20) window.alert (\"Egy l\u00e9pcs\u0151karon bel\u00fcl elhelyezhet\u0151 fokok sz\u00e1ma legfeljebb 20! Ha ett\u0151l t\u00f6bb, akkor egy pihen\u0151t kell beiktatni ami tov\u00e1bbi 63cm-el \u00e9s egy teljes bel\u00e9p\u0151vel n\u00f6veli a l\u00e9pcs\u0151 hossz\u00e1t!\");\n\n        document.lap.h.value = ( (parseInt( .5 + ( ( document.lap.V.value \/ document.lap.n.value ) * 100))) \/ 100);\n        if (document.lap.h.value > 20) window.alert (\"A l\u00e9pcs\u0151fok magass\u00e1ga nagyobb mint 20cm!!! A hat\u00e1lyos el\u0151\u00edr\u00e1sok szerint m\u00e9g lak\u00e1son vagy \u00fcd\u00fcl\u0151egys\u00e9gen bel\u00fcli l\u00e9pcs\u0151n\u00e9l is ez sok. N\u00f6velje a l\u00e9pcs\u0151fokok sz\u00e1m\u00e1t!\");\n\n        document.lap.b.value = ( (parseInt( .5 + ( ( document.lap.L.value - ( 2 * document.lap.h.value )) * 100))) \/ 100);\n        if (document.lap.b.value < 21) window.alert (\"A l\u00e9pcs\u0151fok m\u00e9lys\u00e9ge kisebb mint 21cm!!! Ez balesetvesz\u00e9lyes! Term\u00e9szetesen a l\u00e9pcs\u0151fokok egym\u00e1sra takar\u00e1s\u00e1val NEM \u00e9rheti el a k\u00edv\u00e1nt m\u00e9lys\u00e9get. N\u00f6velje a l\u00e9pcs\u0151fokok sz\u00e1m\u00e1t! Vagy a l\u00e9p\u00e9shosszt n\u00f6velje maximum 64cm-re! Esetleg aj\u00e1nlom figyelm\u00e9be a helytakar\u00e9kos l\u00e9pcs\u0151t. (Jobb l\u00e1b, bal l\u00e1b ...)\");\n\n        document.lap.S.value = (parseInt (parseInt( document.lap.UT.value)) + (parseInt (( document.lap.b.value * ( document.lap.n.value - 1)))));\n\n        document.lap.HR.value = ( document.lap.V.value - document.lap.VP.value);\n        if (document.lap.HR.value <= 0) window.alert (\"A belmagass\u00e1g nagyobb vagy egyenl\u0151 a teljes szintk\u00fcl\u00f6nbs\u00e9ggel!!! Ha ez val\u00f3ban \u00edgy van akkor a f\u00f6d\u00e9m ny\u00edl\u00e1shossz\u00e1nak sz\u00e1m\u00edt\u00e1sa nem lesz pontos. NE VEGYE A KAPOTT \u00c9RT\u00c9KEKET FIGYELEMBE!!!\");\n\n        document.lap.SS.value = (parseInt((document.lap.S.value\/(document.lap.V.value - ( document.lap.V.value \/ document.lap.n.value )))*((parseInt( document.lap.AT.value))+(parseInt( document.lap.HR.value )))));\n\n        document.lap.SM.value = (document.lap.S.value - document.lap.SS.value);\n        document.lap.SMF.value = ( (parseInt( .5 + ( (document.lap.SM.value \/ document.lap.b.value) * 100))) \/ 100);\n\n        document.lap.ALFA.value = ((parseInt( .05 + (Math.atan( document.lap.h.value \/ document.lap.b.value ))*(180 \/ Math.PI)* 10)) \/ 10);\n\n\t\tdocument.lap.BIZT.value = ((parseInt( .5 +  ( ((document.lap.b.value)* 10) + ((document.lap.h.value)* 10)))) \/ 10);\n        \n        document.lap.KENY.value = ((parseInt( .5 +  ( ((document.lap.b.value)* 10) - ((document.lap.h.value)* 10)))) \/ 10);\n\n      }\n   }\n   <\/script><\/form><script type=\"text\/javascript\">\n \nvar pp_gemius_identifier = 'za1AtKcpx3BFDjJJGMBQJWYk7FpN9t._3R4bcV5xhgv.R7';\n \n\n<\/script>\n        \n    \n<\/body><\/html>\t\t\t\t\t\t<\/div>\n\t\t\t\t<\/div>\n\t\t\t\t\t<\/div>\n\t\t<\/div>\n\t\t\t\t\t<\/div>\n\t\t<\/section>\n\t\t\t\t<\/div>\n\t\t","protected":false},"excerpt":{"rendered":"<p>A l\u00e9pcs\u0151nk helyig\u00e9nye &#8211; a &#8222;tervez\u00e9si&#8221; m\u00f3dszer Ezt a m\u00f3dszert a tervez\u00e9si f\u00e1zisban haszn\u00e1lhatjuk. Itt pontosan kisz\u00e1molhatjuk az \u00e1ltalunk m\u00e9g k\u00e9nyelmesnek vagy biztons\u00e1gosnak meg\u00edt\u00e9lt l\u00e9pcs\u0151nk helyig\u00e9ny\u00e9t. Vagy kialak\u00edthatunk egy eg\u00e9szs\u00e9ges kompromisszumot. Amennyiben m\u00e1r a f\u00f6d\u00e9mny\u00edl\u00e1s m\u00e9retein vagy a l\u00e9pcs\u0151nk hossz\u00e1n, magass\u00e1g\u00e1n nem tudunk v\u00e1ltoztatni, alkalmazzuk a &#8222;kivitelez\u00e9si&#8221; m\u00f3dszert. A k\u00e9pen egy leegyszer\u0171s\u00edtett s\u00e9m\u00e1t l\u00e1tunk, ez [&hellip;]<\/p>\n","protected":false},"author":1,"featured_media":2438,"parent":0,"menu_order":0,"comment_status":"closed","ping_status":"closed","template":"elementor_header_footer","meta":{"om_disable_all_campaigns":false,"_monsterinsights_skip_tracking":false,"_monsterinsights_sitenote_active":false,"_monsterinsights_sitenote_note":"","_monsterinsights_sitenote_category":0,"footnotes":""},"class_list":["post-3155","page","type-page","status-publish","has-post-thumbnail","hentry"],"aioseo_notices":[],"_links":{"self":[{"href":"https:\/\/lepcsok.eu\/index.php?rest_route=\/wp\/v2\/pages\/3155","targetHints":{"allow":["GET"]}}],"collection":[{"href":"https:\/\/lepcsok.eu\/index.php?rest_route=\/wp\/v2\/pages"}],"about":[{"href":"https:\/\/lepcsok.eu\/index.php?rest_route=\/wp\/v2\/types\/page"}],"author":[{"embeddable":true,"href":"https:\/\/lepcsok.eu\/index.php?rest_route=\/wp\/v2\/users\/1"}],"replies":[{"embeddable":true,"href":"https:\/\/lepcsok.eu\/index.php?rest_route=%2Fwp%2Fv2%2Fcomments&post=3155"}],"version-history":[{"count":41,"href":"https:\/\/lepcsok.eu\/index.php?rest_route=\/wp\/v2\/pages\/3155\/revisions"}],"predecessor-version":[{"id":5568,"href":"https:\/\/lepcsok.eu\/index.php?rest_route=\/wp\/v2\/pages\/3155\/revisions\/5568"}],"wp:featuredmedia":[{"embeddable":true,"href":"https:\/\/lepcsok.eu\/index.php?rest_route=\/wp\/v2\/media\/2438"}],"wp:attachment":[{"href":"https:\/\/lepcsok.eu\/index.php?rest_route=%2Fwp%2Fv2%2Fmedia&parent=3155"}],"curies":[{"name":"wp","href":"https:\/\/api.w.org\/{rel}","templated":true}]}}