{"id":260,"date":"2022-11-23T15:48:38","date_gmt":"2022-11-23T15:48:38","guid":{"rendered":"https:\/\/lepcsok.eu\/?page_id=260"},"modified":"2023-11-11T20:16:12","modified_gmt":"2023-11-11T20:16:12","slug":"hajlitott","status":"publish","type":"page","link":"https:\/\/lepcsok.eu\/?page_id=260","title":{"rendered":"\u00c9rdekess\u00e9gek l\u00e9pcs\u0151kr\u0151l"},"content":{"rendered":"\t\t<div data-elementor-type=\"wp-page\" data-elementor-id=\"260\" class=\"elementor elementor-260\" data-elementor-post-type=\"page\">\n\t\t\t\t\t\t<section class=\"elementor-section elementor-top-section elementor-element elementor-element-03bcb4d elementor-section-boxed elementor-section-height-default elementor-section-height-default\" data-id=\"03bcb4d\" data-element_type=\"section\" data-settings=\"{&quot;background_background&quot;:&quot;slideshow&quot;,&quot;background_slideshow_ken_burns&quot;:&quot;yes&quot;,&quot;background_slideshow_gallery&quot;:[],&quot;background_slideshow_loop&quot;:&quot;yes&quot;,&quot;background_slideshow_slide_duration&quot;:5000,&quot;background_slideshow_slide_transition&quot;:&quot;fade&quot;,&quot;background_slideshow_transition_duration&quot;:500,&quot;background_slideshow_ken_burns_zoom_direction&quot;:&quot;in&quot;}\">\n\t\t\t\t\t\t\t<div class=\"elementor-background-overlay\"><\/div>\n\t\t\t\t\t\t\t<div class=\"elementor-container elementor-column-gap-default\">\n\t\t\t\t\t<div class=\"elementor-column elementor-col-100 elementor-top-column elementor-element elementor-element-96447fc\" data-id=\"96447fc\" data-element_type=\"column\">\n\t\t\t<div class=\"elementor-widget-wrap elementor-element-populated\">\n\t\t\t\t\t\t<div class=\"elementor-element elementor-element-78596f2 elementor-widget elementor-widget-text-editor\" data-id=\"78596f2\" data-element_type=\"widget\" data-widget_type=\"text-editor.default\">\n\t\t\t\t<div class=\"elementor-widget-container\">\n\t\t\t<style>\/*! elementor - v3.19.0 - 28-02-2024 *\/\n.elementor-widget-text-editor.elementor-drop-cap-view-stacked .elementor-drop-cap{background-color:#69727d;color:#fff}.elementor-widget-text-editor.elementor-drop-cap-view-framed .elementor-drop-cap{color:#69727d;border:3px solid;background-color:transparent}.elementor-widget-text-editor:not(.elementor-drop-cap-view-default) .elementor-drop-cap{margin-top:8px}.elementor-widget-text-editor:not(.elementor-drop-cap-view-default) .elementor-drop-cap-letter{width:1em;height:1em}.elementor-widget-text-editor .elementor-drop-cap{float:left;text-align:center;line-height:1;font-size:50px}.elementor-widget-text-editor .elementor-drop-cap-letter{display:inline-block}<\/style>\t\t\t\t<p><blockquote class=\"wp-embedded-content\" data-secret=\"skUoHjMm00\"><a href=\"https:\/\/lepcsok.eu\/?page_id=744\">L\u00e9pcs\u0151 Cser\u00e9je \u00e9s Meg\u00fajul\u00e1s: K\u00fcl\u00f6nb\u00f6z\u0151 Okok \u00e9s Inspir\u00e1ci\u00f3k<\/a><\/blockquote><iframe class=\"wp-embedded-content\" sandbox=\"allow-scripts\" security=\"restricted\" style=\"position: absolute; clip: rect(1px, 1px, 1px, 1px);\" title=\"&#8220;L\u00e9pcs\u0151 Cser\u00e9je \u00e9s Meg\u00fajul\u00e1s: K\u00fcl\u00f6nb\u00f6z\u0151 Okok \u00e9s Inspir\u00e1ci\u00f3k&#8221; &#8212; L\u00e9pcs\u0151 l\u00e9pcs\u0151k\" src=\"https:\/\/lepcsok.eu\/?page_id=744&#038;embed=true#?secret=0dM5OhZ9ow#?secret=skUoHjMm00\" data-secret=\"skUoHjMm00\" width=\"600\" height=\"338\" frameborder=\"0\" marginwidth=\"0\" marginheight=\"0\" scrolling=\"no\"><\/iframe><\/p>\t\t\t\t\t\t<\/div>\n\t\t\t\t<\/div>\n\t\t\t\t\t<\/div>\n\t\t<\/div>\n\t\t\t\t\t<\/div>\n\t\t<\/section>\n\t\t\t\t<section class=\"elementor-section elementor-top-section elementor-element elementor-element-16c6af5 elementor-section-boxed elementor-section-height-default elementor-section-height-default\" data-id=\"16c6af5\" data-element_type=\"section\" data-settings=\"{&quot;background_background&quot;:&quot;slideshow&quot;,&quot;background_slideshow_ken_burns&quot;:&quot;yes&quot;,&quot;background_slideshow_gallery&quot;:[],&quot;background_slideshow_loop&quot;:&quot;yes&quot;,&quot;background_slideshow_slide_duration&quot;:5000,&quot;background_slideshow_slide_transition&quot;:&quot;fade&quot;,&quot;background_slideshow_transition_duration&quot;:500,&quot;background_slideshow_ken_burns_zoom_direction&quot;:&quot;in&quot;}\">\n\t\t\t\t\t\t\t<div class=\"elementor-background-overlay\"><\/div>\n\t\t\t\t\t\t\t<div class=\"elementor-container elementor-column-gap-default\">\n\t\t\t\t\t<div class=\"elementor-column elementor-col-100 elementor-top-column elementor-element elementor-element-6c40a49\" data-id=\"6c40a49\" data-element_type=\"column\">\n\t\t\t<div class=\"elementor-widget-wrap elementor-element-populated\">\n\t\t\t\t\t\t<div class=\"elementor-element elementor-element-07a27ef elementor-widget elementor-widget-text-editor\" data-id=\"07a27ef\" data-element_type=\"widget\" data-widget_type=\"text-editor.default\">\n\t\t\t\t<div class=\"elementor-widget-container\">\n\t\t\t\t\t\t\t<p><blockquote class=\"wp-embedded-content\" data-secret=\"NWUqC27w2y\"><a href=\"https:\/\/lepcsok.eu\/?page_id=3841\">Az ikerl\u00e9pcs\u0151k &#8211; szimmetrikus l\u00e9pcs\u0151k palot\u00e1kban<\/a><\/blockquote><iframe class=\"wp-embedded-content\" sandbox=\"allow-scripts\" security=\"restricted\" style=\"position: absolute; clip: rect(1px, 1px, 1px, 1px);\" title=\"&#8220;Az ikerl\u00e9pcs\u0151k &#8211; szimmetrikus l\u00e9pcs\u0151k palot\u00e1kban&#8221; &#8212; L\u00e9pcs\u0151 l\u00e9pcs\u0151k\" src=\"https:\/\/lepcsok.eu\/?page_id=3841&#038;embed=true#?secret=jFjupqEViv#?secret=NWUqC27w2y\" data-secret=\"NWUqC27w2y\" width=\"600\" height=\"338\" frameborder=\"0\" marginwidth=\"0\" marginheight=\"0\" scrolling=\"no\"><\/iframe><\/p>\t\t\t\t\t\t<\/div>\n\t\t\t\t<\/div>\n\t\t\t\t\t<\/div>\n\t\t<\/div>\n\t\t\t\t\t<\/div>\n\t\t<\/section>\n\t\t\t\t<section class=\"elementor-section elementor-top-section elementor-element elementor-element-d807709 elementor-section-boxed elementor-section-height-default elementor-section-height-default\" data-id=\"d807709\" data-element_type=\"section\" data-settings=\"{&quot;background_background&quot;:&quot;slideshow&quot;,&quot;background_slideshow_ken_burns&quot;:&quot;yes&quot;,&quot;background_slideshow_gallery&quot;:[],&quot;background_slideshow_loop&quot;:&quot;yes&quot;,&quot;background_slideshow_slide_duration&quot;:5000,&quot;background_slideshow_slide_transition&quot;:&quot;fade&quot;,&quot;background_slideshow_transition_duration&quot;:500,&quot;background_slideshow_ken_burns_zoom_direction&quot;:&quot;in&quot;}\">\n\t\t\t\t\t\t\t<div class=\"elementor-background-overlay\"><\/div>\n\t\t\t\t\t\t\t<div class=\"elementor-container elementor-column-gap-default\">\n\t\t\t\t\t<div class=\"elementor-column elementor-col-100 elementor-top-column elementor-element elementor-element-2c94a7c\" data-id=\"2c94a7c\" data-element_type=\"column\">\n\t\t\t<div class=\"elementor-widget-wrap elementor-element-populated\">\n\t\t\t\t\t\t<div class=\"elementor-element elementor-element-e42abe2 elementor-widget elementor-widget-text-editor\" data-id=\"e42abe2\" data-element_type=\"widget\" data-widget_type=\"text-editor.default\">\n\t\t\t\t<div class=\"elementor-widget-container\">\n\t\t\t\t\t\t\t<p><blockquote class=\"wp-embedded-content\" data-secret=\"DAV7WSh3bM\"><a href=\"https:\/\/lepcsok.eu\/?page_id=3933\">LEICA 3D Disto &#8211; T\u00e9r szkenner<\/a><\/blockquote><iframe class=\"wp-embedded-content\" sandbox=\"allow-scripts\" security=\"restricted\" style=\"position: absolute; clip: rect(1px, 1px, 1px, 1px);\" title=\"&#8220;LEICA 3D Disto &#8211; T\u00e9r szkenner&#8221; &#8212; L\u00e9pcs\u0151 l\u00e9pcs\u0151k\" src=\"https:\/\/lepcsok.eu\/?page_id=3933&#038;embed=true#?secret=IfN0zuI52n#?secret=DAV7WSh3bM\" data-secret=\"DAV7WSh3bM\" width=\"600\" height=\"338\" frameborder=\"0\" marginwidth=\"0\" marginheight=\"0\" scrolling=\"no\"><\/iframe><\/p>\t\t\t\t\t\t<\/div>\n\t\t\t\t<\/div>\n\t\t\t\t\t<\/div>\n\t\t<\/div>\n\t\t\t\t\t<\/div>\n\t\t<\/section>\n\t\t\t\t<section class=\"elementor-section elementor-top-section elementor-element elementor-element-7e07e0e elementor-section-boxed elementor-section-height-default elementor-section-height-default\" data-id=\"7e07e0e\" data-element_type=\"section\" data-settings=\"{&quot;background_background&quot;:&quot;slideshow&quot;,&quot;background_slideshow_ken_burns&quot;:&quot;yes&quot;,&quot;background_slideshow_gallery&quot;:[],&quot;background_slideshow_loop&quot;:&quot;yes&quot;,&quot;background_slideshow_slide_duration&quot;:5000,&quot;background_slideshow_slide_transition&quot;:&quot;fade&quot;,&quot;background_slideshow_transition_duration&quot;:500,&quot;background_slideshow_ken_burns_zoom_direction&quot;:&quot;in&quot;}\">\n\t\t\t\t\t\t\t<div class=\"elementor-background-overlay\"><\/div>\n\t\t\t\t\t\t\t<div class=\"elementor-container elementor-column-gap-default\">\n\t\t\t\t\t<div class=\"elementor-column elementor-col-100 elementor-top-column elementor-element elementor-element-9b60df6\" data-id=\"9b60df6\" data-element_type=\"column\">\n\t\t\t<div class=\"elementor-widget-wrap elementor-element-populated\">\n\t\t\t\t\t\t<div class=\"elementor-element elementor-element-734e052 elementor-widget elementor-widget-text-editor\" data-id=\"734e052\" data-element_type=\"widget\" data-widget_type=\"text-editor.default\">\n\t\t\t\t<div class=\"elementor-widget-container\">\n\t\t\t\t\t\t\t<p><blockquote class=\"wp-embedded-content\" data-secret=\"cZjd1pRpKe\"><a href=\"https:\/\/lepcsok.eu\/?page_id=4430\">Elrontott l\u00e9pcs\u0151 jav\u00edt\u00e1sa &#8211; t\u00fal sz\u00e9les l\u00e9pcs\u0151karok<\/a><\/blockquote><iframe class=\"wp-embedded-content\" sandbox=\"allow-scripts\" security=\"restricted\" style=\"position: absolute; clip: rect(1px, 1px, 1px, 1px);\" title=\"&#8220;Elrontott l\u00e9pcs\u0151 jav\u00edt\u00e1sa &#8211; t\u00fal sz\u00e9les l\u00e9pcs\u0151karok&#8221; &#8212; L\u00e9pcs\u0151 l\u00e9pcs\u0151k\" src=\"https:\/\/lepcsok.eu\/?page_id=4430&#038;embed=true#?secret=V31PTPb4Ss#?secret=cZjd1pRpKe\" data-secret=\"cZjd1pRpKe\" width=\"600\" height=\"338\" frameborder=\"0\" marginwidth=\"0\" marginheight=\"0\" scrolling=\"no\"><\/iframe><\/p>\t\t\t\t\t\t<\/div>\n\t\t\t\t<\/div>\n\t\t\t\t\t<\/div>\n\t\t<\/div>\n\t\t\t\t\t<\/div>\n\t\t<\/section>\n\t\t\t\t<section class=\"elementor-section elementor-top-section elementor-element elementor-element-a57ab4d elementor-section-boxed elementor-section-height-default elementor-section-height-default\" data-id=\"a57ab4d\" data-element_type=\"section\" data-settings=\"{&quot;background_background&quot;:&quot;slideshow&quot;,&quot;background_slideshow_gallery&quot;:[{&quot;id&quot;:749,&quot;url&quot;:&quot;https:\\\/\\\/lepcsok.eu\\\/wp-content\\\/uploads\\\/2022\\\/11\\\/yrt.jpg&quot;}],&quot;background_slideshow_ken_burns&quot;:&quot;yes&quot;,&quot;background_slideshow_loop&quot;:&quot;yes&quot;,&quot;background_slideshow_slide_duration&quot;:5000,&quot;background_slideshow_slide_transition&quot;:&quot;fade&quot;,&quot;background_slideshow_transition_duration&quot;:500,&quot;background_slideshow_ken_burns_zoom_direction&quot;:&quot;in&quot;}\">\n\t\t\t\t\t\t\t<div class=\"elementor-background-overlay\"><\/div>\n\t\t\t\t\t\t\t<div class=\"elementor-container elementor-column-gap-default\">\n\t\t\t\t\t<div class=\"elementor-column elementor-col-100 elementor-top-column elementor-element elementor-element-a357053\" data-id=\"a357053\" data-element_type=\"column\">\n\t\t\t<div class=\"elementor-widget-wrap elementor-element-populated\">\n\t\t\t\t\t\t<div class=\"elementor-element elementor-element-8f43e51 elementor-widget elementor-widget-heading\" data-id=\"8f43e51\" data-element_type=\"widget\" data-widget_type=\"heading.default\">\n\t\t\t\t<div class=\"elementor-widget-container\">\n\t\t\t<style>\/*! elementor - v3.19.0 - 28-02-2024 *\/\n.elementor-heading-title{padding:0;margin:0;line-height:1}.elementor-widget-heading .elementor-heading-title[class*=elementor-size-]>a{color:inherit;font-size:inherit;line-height:inherit}.elementor-widget-heading .elementor-heading-title.elementor-size-small{font-size:15px}.elementor-widget-heading .elementor-heading-title.elementor-size-medium{font-size:19px}.elementor-widget-heading .elementor-heading-title.elementor-size-large{font-size:29px}.elementor-widget-heading .elementor-heading-title.elementor-size-xl{font-size:39px}.elementor-widget-heading .elementor-heading-title.elementor-size-xxl{font-size:59px}<\/style><h2 class=\"elementor-heading-title elementor-size-default\"><a href=\"https:\/\/lepcsok.eu\/?page_id=1676\">Hasznos l\u00e9pcs\u0151s linkek gy\u0171jtem\u00e9nye<\/a><\/h2>\t\t<\/div>\n\t\t\t\t<\/div>\n\t\t\t\t\t<\/div>\n\t\t<\/div>\n\t\t\t\t\t<\/div>\n\t\t<\/section>\n\t\t\t\t<\/div>\n\t\t","protected":false},"excerpt":{"rendered":"<p>L\u00e9pcs\u0151 Cser\u00e9je \u00e9s Meg\u00fajul\u00e1s: K\u00fcl\u00f6nb\u00f6z\u0151 Okok \u00e9s Inspir\u00e1ci\u00f3k Az ikerl\u00e9pcs\u0151k &#8211; szimmetrikus l\u00e9pcs\u0151k palot\u00e1kban LEICA 3D Disto &#8211; T\u00e9r szkenner Elrontott l\u00e9pcs\u0151 jav\u00edt\u00e1sa &#8211; t\u00fal sz\u00e9les l\u00e9pcs\u0151karok Hasznos l\u00e9pcs\u0151s linkek gy\u0171jtem\u00e9nye<\/p>\n","protected":false},"author":1,"featured_media":0,"parent":0,"menu_order":0,"comment_status":"closed","ping_status":"closed","template":"elementor_header_footer","meta":{"om_disable_all_campaigns":false,"_monsterinsights_skip_tracking":false,"_monsterinsights_sitenote_active":false,"_monsterinsights_sitenote_note":"","_monsterinsights_sitenote_category":0,"footnotes":""},"class_list":["post-260","page","type-page","status-publish","hentry"],"aioseo_notices":[],"_links":{"self":[{"href":"https:\/\/lepcsok.eu\/index.php?rest_route=\/wp\/v2\/pages\/260","targetHints":{"allow":["GET"]}}],"collection":[{"href":"https:\/\/lepcsok.eu\/index.php?rest_route=\/wp\/v2\/pages"}],"about":[{"href":"https:\/\/lepcsok.eu\/index.php?rest_route=\/wp\/v2\/types\/page"}],"author":[{"embeddable":true,"href":"https:\/\/lepcsok.eu\/index.php?rest_route=\/wp\/v2\/users\/1"}],"replies":[{"embeddable":true,"href":"https:\/\/lepcsok.eu\/index.php?rest_route=%2Fwp%2Fv2%2Fcomments&post=260"}],"version-history":[{"count":46,"href":"https:\/\/lepcsok.eu\/index.php?rest_route=\/wp\/v2\/pages\/260\/revisions"}],"predecessor-version":[{"id":5498,"href":"https:\/\/lepcsok.eu\/index.php?rest_route=\/wp\/v2\/pages\/260\/revisions\/5498"}],"wp:attachment":[{"href":"https:\/\/lepcsok.eu\/index.php?rest_route=%2Fwp%2Fv2%2Fmedia&parent=260"}],"curies":[{"name":"wp","href":"https:\/\/api.w.org\/{rel}","templated":true}]}}