{"id":2276,"date":"2023-01-26T04:00:13","date_gmt":"2023-01-26T04:00:13","guid":{"rendered":"https:\/\/lepcsok.eu\/?page_id=2276"},"modified":"2023-12-28T01:24:59","modified_gmt":"2023-12-28T01:24:59","slug":"milyen-lepcsot-valasszak","status":"publish","type":"page","link":"https:\/\/lepcsok.eu\/?page_id=2276","title":{"rendered":"Milyen l\u00e9pcs\u0151t v\u00e1lasszak?"},"content":{"rendered":"\t\t<div data-elementor-type=\"wp-page\" data-elementor-id=\"2276\" class=\"elementor elementor-2276\" data-elementor-post-type=\"page\">\n\t\t\t\t\t\t<section class=\"elementor-section elementor-top-section elementor-element elementor-element-16cb0e6 elementor-section-boxed elementor-section-height-default elementor-section-height-default\" data-id=\"16cb0e6\" data-element_type=\"section\">\n\t\t\t\t\t\t<div class=\"elementor-container elementor-column-gap-default\">\n\t\t\t\t\t<div class=\"elementor-column elementor-col-100 elementor-top-column elementor-element elementor-element-7786cb4\" data-id=\"7786cb4\" data-element_type=\"column\">\n\t\t\t<div class=\"elementor-widget-wrap elementor-element-populated\">\n\t\t\t\t\t\t<div class=\"elementor-element elementor-element-2f3a13d elementor-widget elementor-widget-text-editor\" data-id=\"2f3a13d\" data-element_type=\"widget\" data-widget_type=\"text-editor.default\">\n\t\t\t\t<div class=\"elementor-widget-container\">\n\t\t\t<style>\/*! elementor - v3.19.0 - 28-02-2024 *\/\n.elementor-widget-text-editor.elementor-drop-cap-view-stacked .elementor-drop-cap{background-color:#69727d;color:#fff}.elementor-widget-text-editor.elementor-drop-cap-view-framed .elementor-drop-cap{color:#69727d;border:3px solid;background-color:transparent}.elementor-widget-text-editor:not(.elementor-drop-cap-view-default) .elementor-drop-cap{margin-top:8px}.elementor-widget-text-editor:not(.elementor-drop-cap-view-default) .elementor-drop-cap-letter{width:1em;height:1em}.elementor-widget-text-editor .elementor-drop-cap{float:left;text-align:center;line-height:1;font-size:50px}.elementor-widget-text-editor .elementor-drop-cap-letter{display:inline-block}<\/style>\t\t\t\t<div><div><h2 style=\"text-align: center;\">Milyen l\u00e9pcs\u0151re van sz\u00fcks\u00e9ge? <br \/>Seg\u00edts\u00e9g a v\u00e1laszt\u00e1shoz<\/h2><\/div><\/div><div><p>Az els\u0151 \u00e9s legfontosabb amit el kell d\u00f6nten\u00fcnk a leend\u0151 l\u00e9pcs\u0151nkr\u0151l, hogy <br \/>&#8211; egy sz\u00fcks\u00e9ges rossz k\u00e9nt tekint\u00fcnk r\u00e1, vagy <br \/>&#8211; fontosabb szerepet sz\u00e1nunk neki, \u00e9s a funkci\u00f3j\u00e1n k\u00edv\u00fcl szeretn\u00e9nk ha emeln\u00e9 a lak\u00f3t\u00e9r eszt\u00e9tikum\u00e1t is.<\/p><p><img decoding=\"async\" src=\"https:\/\/lepcsok.eu\/wp-content\/uploads\/2023\/01\/szukseges-rossz.jpg\" alt=\"szukseges-rossz.jpg\" \/><\/p><p>Ha csak &#8222;sz\u00fcks\u00e9ges rossz&#8221; k\u00e9nt gondolunk a l\u00e9pcs\u0151re. Akkor ebben az esetben v\u00e1laszthat vasbeton szerkezet\u0171 l\u00e9pcs\u0151t, vagy gipszbeton l\u00e9pcs\u0151t. Esetleg f\u00e9m tart\u00f3szerkezet\u0171 l\u00e9pcs\u0151t. Ezeknek k\u00f6z\u00f6s el\u0151nye, hogy olcs\u00f3n \u00e9s gyorsan kivitelezhet\u0151. Ha tov\u00e1bbi eszt\u00e9tikai k\u00f6vetelm\u00e9nyeknek nem kell megfelelnie a l\u00e9pcs\u0151nek akkor a vasbeton szerkezet\u0171 l\u00e9pcs\u0151t j\u00e1r\u00f3lappal bor\u00edtan\u00e1m. A gipszbeton l\u00e9pcs\u0151n\u00e9l sz\u00f3ba j\u00f6het m\u00e9g a ragasztott padl\u00f3sz\u0151nyeg is. A korl\u00e1t elk\u00e9sz\u00edt\u00e9se legolcs\u00f3bban falaz\u00e1ssal oldhat\u00f3 meg, de az el\u0151re gy\u00e1rtott elemekb\u0151l is k\u00f6nnyen \u00f6ssze\u00e1ll\u00edthat\u00f3 egy egyszer\u0171 korl\u00e1t. A f\u00e9m szerkezetet pr\u00f3b\u00e1ljuk \u00fagy elk\u00e9sz\u00edttetni, hogy a bark\u00e1cs\u00e1ruh\u00e1zakban kaphat\u00f3 olcs\u00f3 l\u00e9pcs\u0151fokok m\u00e9retben passzoljanak. Persze itt is figyelj\u00fcnk az el\u0151\u00edr\u00e1sokra, f\u0151leg a fordul\u00f3s kialak\u00edt\u00e1s\u00fa betonl\u00e9pcs\u0151kre gondolok. T\u00f6r\u0151dj\u00fcnk bele, hogy a l\u00e9pcs\u0151 az emeleten nyert n\u00e9gyzetm\u00e9terek\u00e9rt cser\u00e9be a f\u00f6ldszinten helyet foglal. Egy k\u00e9s\u0151bbi baleset is megel\u0151zhet\u0151 egy plusz f\u00e9l m\u00e9ter fel\u00e1ldoz\u00e1s\u00e1val. Feleslegesen ne minimaliz\u00e1ljuk a l\u00e9pcs\u0151re sz\u00e1nt teret.<\/p><p>A tov\u00e1bbiakban csak olyan l\u00e9pcs\u0151kr\u0151l \u00edrok ahol felt\u00e9telezem, hogy fontos a\u00a0v\u00e9geredm\u00e9ny\u00a0<span style=\"text-decoration: underline;\">k\u00fclleme<\/span> is.<\/p><p><img decoding=\"async\" src=\"https:\/\/lepcsok.eu\/wp-content\/uploads\/2023\/01\/beton-lepcsok.jpg\" alt=\"beton-lepcsok.jpg\" width=\"600\" height=\"82\" \/><\/p><p>M\u00e9g mindig a legelterjedtebb a\u00a0<u><strong>vasbeton monolit<\/strong><\/u>\u00a0l\u00e9pcs\u0151. Els\u0151 r\u00e1n\u00e9z\u00e9sre olcs\u00f3nak is t\u0171nhet. \u00cdgy is van, ha a burkol\u00e1s\u00e1t j\u00e1r\u00f3lappal oldjuk meg, a korl\u00e1t pedig p\u00e9ld\u00e1ul el\u0151re gy\u00e1rtott f\u00e9m elemekb\u0151l k\u00e9sz\u00fcl. De egy ilyen l\u00e9pcs\u0151t ha f\u00e1val szeretn\u00e9nk bor\u00edtani, illetve egyedi korl\u00e1ttal ell\u00e1tni, akkor az mindenk\u00e9ppen t\u00f6bbe fog ker\u00fclni mint egy \u00f6ntart\u00f3 fal\u00e9pcs\u0151.\u00a0<a href=\"https:\/\/lepcsok.eu\/?page_id=2879#4resz\" target=\"_blank\" rel=\"noopener\">P\u00e9lda ITT<\/a>.\u00a0<br \/>El\u0151nyei:<br \/>+ m\u00e1r az \u00e9p\u00edtkez\u00e9s k\u00f6zben haszn\u00e1lhat\u00f3,<br \/>+ mestert\u0151l f\u00fcgg\u0151en b\u00e1r, de szinte b\u00e1rmilyen forma kivitelezhet\u0151 (<a href=\"http:\/\/agara.com.ua\/gallery\/lestnitsi\/\" target=\"_blank\" rel=\"noopener\">p\u00e9lda ITT<\/a>)<br \/>+ tart\u00f3s, nagy teherb\u00edr\u00e1s\u00fa,<br \/>+ massz\u00edv szerkezet,<br \/>+ a bor\u00edt\u00e1s \u00e9s a korl\u00e1t k\u00e9s\u0151bb is elk\u00e9sz\u00fclhet \u00edgy anyagilag jobban \u00fctemezhet\u0151<br \/>+ lehet\u0151v\u00e9 teszi a l\u00e9gterek lev\u00e1laszt\u00e1s\u00e1t.<br \/>H\u00e1tr\u00e1nyai:<br \/>&#8211; m\u00e9retileg pontatlan, (m\u00e9g nem l\u00e1ttam hib\u00e1tlant)<br \/>&#8211; geometriailag pontatlan (a zsaluz\u00e1s nagyobb szaktud\u00e1st ig\u00e9nyel, mint amennyi\u00a0<span style=\"color: var( --e-global-color-text ); font-family: var( --e-global-typography-text-font-family ), Sans-serif; font-weight: var( --e-global-typography-text-font-weight ); font-size: 1rem;\">\u00e1ltal\u00e1ban<\/span><span style=\"color: var( --e-global-color-text ); font-family: var( --e-global-typography-text-font-family ), Sans-serif; font-weight: var( --e-global-typography-text-font-weight ); font-size: 1rem;\">\u00a0<\/span><span style=\"color: var( --e-global-color-text ); font-family: var( --e-global-typography-text-font-family ), Sans-serif; font-weight: var( --e-global-typography-text-font-weight ); font-size: 1rem;\">rendelkez\u00e9sre \u00e1ll)<br \/><\/span><span style=\"color: var( --e-global-color-text ); font-family: var( --e-global-typography-text-font-family ), Sans-serif; font-weight: var( --e-global-typography-text-font-weight ); font-size: 1rem;\">&#8211; nagy helyig\u00e9ny\u0171<br \/><\/span><span style=\"color: var( --e-global-color-text ); font-family: var( --e-global-typography-text-font-family ), Sans-serif; font-weight: var( --e-global-typography-text-font-weight ); font-size: 1rem;\">&#8211; nagy t\u00f6meg\u0171<\/span><\/p><p><img decoding=\"async\" src=\"https:\/\/lepcsok.eu\/wp-content\/uploads\/2023\/01\/gipszbeton-lepcsok.jpg\" alt=\"gipszbeton-lepcsok.jpg\" \/><br \/>Magyarorsz\u00e1gon elterjedt a\u00a0<u><strong>gipszbeton (dermesztett beton)<\/strong>\u00a0<b>szerkezet\u0171<\/b><\/u>\u00a0l\u00e9pcs\u0151. Igazi hungarikumr\u00f3l van sz\u00f3. S\u00e1msondi Kiss B\u00e9la (1899-1972) \u00e9p\u00edt\u00e9sz, a sz\u00f6vetszerkezetes \u00e9p\u00edt\u00e9si rendszer kidolgoz\u00f3ja a val\u00f3di feltal\u00e1l\u00f3. Ezzel a m\u00f3dszerrel nem csak l\u00e9pcs\u0151k k\u00e9sz\u00edthet\u0151k, de f\u00f6d\u00e9mek \u00e9s ak\u00e1r b\u00fatorok is. Jellemz\u0151je, hogy a l\u00e9pcs\u0151 ment\u00e9n pengefal keletkezik, mely r\u00e9szben a korl\u00e1t funkci\u00f3j\u00e1t is ell\u00e1thatja.<br \/>El\u0151nyei:<br \/>+ minden t\u00edpus k\u00f6z\u00fcl a leggyorsabban kivitelezhet\u0151 (2-3 nap)<br \/>+ m\u00e1r az \u00e9p\u00edtkez\u00e9s k\u00f6zben haszn\u00e1lhat\u00f3,<br \/>+ m\u00e9retileg pontos<br \/>+ k\u00f6nny\u0171 szerkezet<br \/>+ rendk\u00edv\u00fcl olcs\u00f3<br \/>+ a bor\u00edt\u00e1s \u00e9s a korl\u00e1t k\u00e9s\u0151bb is elk\u00e9sz\u00fclhet \u00edgy anyagilag jobban \u00fctemezhet\u0151<br \/>H\u00e1tr\u00e1nyai:<br \/>&#8211;\u00a0a bor\u00edt\u00e1s \u00e9s a korl\u00e1t\u00a0tov\u00e1bbi kiad\u00e1sokkal j\u00e1r, ami a helysz\u00edni munka miatt t\u00f6bbe ker\u00fcl, \u00e9s pontatlanabb, mint egy \u00f6nhord\u00f3 fa l\u00e9pcs\u0151 ezen r\u00e9szei. Vagyis el\u0151fordulhat, hogy egy komplett bor\u00edt\u00e1s \u00e9s korl\u00e1tk\u00e9sz\u00edt\u00e9s dr\u00e1g\u00e1bb, mint kidobni a gipszbetont, \u00e9s \u00f6ntart\u00f3 fa l\u00e9pcs\u0151t \u00e9p\u00edteni.<br \/>&#8211;\u00a0geometriailag hib\u00e1s, helytelen tervez\u00e9s (tisztelet a kiv\u00e9telnek) P\u00e9la: ITT<br \/>&#8211; a h\u00e9jszerkezet v\u00e9kony, \u00edgy probl\u00e9m\u00e1s a burkolat \u00e9s a korl\u00e1t stabil, professzion\u00e1lis r\u00f6gz\u00edt\u00e9se.<br \/>&#8211; csak z\u00e1rt (homloklapos) kivitelben k\u00e9sz\u00fclhet<br \/>&#8211; t\u00e1mfalak n\u00e9lk\u00fcl nagyobb m\u00e9retek \u00e1thidal\u00e1s\u00e1t nem teszi lehet\u0151v\u00e9<br \/>&#8211; mivel csak z\u00e1rt kivitel\u0171 lehet, \u00edgy egy meredek l\u00e9pcs\u0151n lefel\u00e9 haladva a sarkunkat nem tudjuk a k\u00f6vetkez\u0151 l\u00e9pcs\u0151 al\u00e1 cs\u00fasztatni, \u00edgy balesetvesz\u00e9lyesebb; illetve nagyobb meredeks\u00e9g\u0171 l\u00e9pcs\u0151 \u00edgy nem \u00e9p\u00edthet\u0151.<\/p><p><img decoding=\"async\" src=\"https:\/\/lepcsok.eu\/wp-content\/uploads\/2023\/01\/fem-lepcsok.jpg\" alt=\"fem-lepcsok.jpg\" \/><br \/><u><b>\u00d6ntart\u00f3 f\u00e9m szerkezetes<\/b><\/u>\u00a0l\u00e9pcs\u0151k.<br \/>Sajnos ilyen t\u00edpus\u00fa l\u00e9pcs\u0151kkel is m\u00e1r sok negat\u00edv tapasztalatom van. T\u00f6bb k\u00e9pet is mell\u00e9keltem az &#8222;<a href=\"https:\/\/lepcsok.eu\/?page_id=744\" target=\"_blank\" rel=\"noopener\">\u00e1tv\u00e1ltoz\u00e1sok<\/a>&#8221;\u00a0cikkemben.\u00a0Ahogyan a k\u00e9peken is l\u00e1thatj\u00e1k sokszor el\u0151fordult m\u00e1r, hogy ilyen szerkezeteket is kidobattunk, mert egy \u00f6ntart\u00f3 fa l\u00e9pcs\u0151 olcs\u00f3bb volt, mint a f\u00e9m szerkezet bor\u00edt\u00e1sa.\u00a0Itt nagyon nagyok a k\u00fcl\u00f6nbs\u00e9gek a gy\u00e1rt\u00f3k k\u00f6z\u00f6tt. Az eg\u00e9szen dilett\u00e1nst\u00f3l a profiig mindenki k\u00e9pviselteti mag\u00e1t ebben a szakm\u00e1ban.<br \/>El\u0151nyei:<br \/>+ k\u00f6nny\u0171 szerkezet,<br \/>+ k\u00fclt\u00e9ren is alkalmazhat\u00f3<br \/>+ modern form\u00e1k is kivitelezhet\u0151k<br \/>+ \u00e1ltal\u00e1ban a korl\u00e1t r\u00e9sze a szerkezetnek, \u00edgy stabil<br \/>H\u00e1tr\u00e1nyai:<br \/>&#8211; a legnagyobb szaktud\u00e1st ig\u00e9nyli<br \/>&#8211; a f\u00e9m szerkezet rezon\u00e1l<br \/>&#8211; m\u00e9retileg pontatlan (a hegeszt\u00e9sekb\u0151l ad\u00f3d\u00f3 deform\u00e1ci\u00f3k jav\u00edthatatlanok)<br \/>&#8211; geometriailag pontatlan (sajnos szint\u00e9n a szaktud\u00e1s hi\u00e1nyoss\u00e1gaib\u00f3l ad\u00f3d\u00f3an hasonl\u00f3an mint a gipszbeton l\u00e9pcs\u0151kn\u00e9l)<br \/>&#8211; ut\u00f3lagosan nehezen bor\u00edthat\u00f3<\/p><p><img decoding=\"async\" src=\"https:\/\/lepcsok.eu\/wp-content\/uploads\/2023\/01\/ontaro-fa-lepcsok.jpg\" alt=\"ontaro-fa-lepcsok.jpg\" \/><br \/><u><b>\u00d6ntart\u00f3 fa szerkezetes<\/b><\/u>\u00a0l\u00e9pcs\u0151k.<br \/>Belt\u00e9ri l\u00e9pcs\u0151k\u00e9nt v\u00e9lem\u00e9nyem szerint a legjobb megold\u00e1s.<br \/>El\u0151nyei:<br \/>+ m\u00e9retileg pontos<br \/>+ geometriailag pontos (szint\u00e9n szakember f\u00fcgg\u0151)<br \/>+ k\u00f6nny\u0171 szerkezet<br \/>+ a legkisebb keresztmetszettel elk\u00e9sz\u00edthet\u0151, \u00edgy a legkevesebb helyet foglalja (azonos geometria mellett)<br \/>+ szinte b\u00e1rmilyen form\u00e1ban kivitelezhet\u0151 (b\u00e1r a hajl\u00edtott elemek \u00e1ra nagyon magas)<br \/>+ nem ig\u00e9nyel bor\u00edt\u00e1st<br \/>+ a korl\u00e1t a szerkezet r\u00e9sze<br \/>+ a helysz\u00edni szerel\u00e9s 1-2 nap<br \/>+ k\u00f6nnyen kombin\u00e1lhat\u00f3 \u00fcveggel, rozsdamentes ac\u00e9llal, vagy kov\u00e1csoltvassal is, \u00edgy a rusztikus vagy ak\u00e1r a legmodernebb form\u00e1k is kivitelezhet\u0151ek<br \/>H\u00e1tr\u00e1nyai:<br \/>&#8211; csak belt\u00e9rben, adott h\u0151m\u00e9rs\u00e9kleti \u00e9s p\u00e1ratartalmi viszonyok k\u00f6z\u00f6tt alkalmazhat\u00f3<br \/>&#8211; az \u00e9p\u00edtkez\u00e9s sor\u00e1n nem haszn\u00e1lhat\u00f3 (sz\u00fcks\u00e9ges egy ideiglenes l\u00e9pcs\u0151 elk\u00e9sz\u00edt\u00e9se)<br \/>&#8211; a gy\u00e1rt\u00e1s id\u0151ig\u00e9nyes 6-8 h\u00e9t<br \/>&#8211; egyszeri nagyobb anyagi r\u00e1ford\u00edt\u00e1st ig\u00e9nyel<\/p><p>Az \u00e1rakr\u00f3l \u00e1ltal\u00e1noss\u00e1gban elmondhat\u00f3, hogy az \u00f6ntart\u00f3 fa l\u00e9pcs\u0151k b\u00e1r els\u0151 r\u00e1n\u00e9z\u00e9sre a legdr\u00e1g\u00e1bbak, de v\u00e9geredm\u00e9nyben egy olcs\u00f3 gipszbeton l\u00e9pcs\u0151t is bor\u00edtani kell, \u00e9s csak a korl\u00e1t felszerel\u00e9se ut\u00e1n lesz k\u00e9szen val\u00f3ban az a l\u00e9pcs\u0151, ekkor hasonl\u00edthat\u00f3 \u00f6ssze \u00e1rban a kett\u0151. Igaz \u00edgy a k\u00f6lts\u00e9geket lehet jobban \u00fctemezni (id\u0151ben elh\u00fazni), de v\u00e9geredm\u00e9nyben megkock\u00e1ztatom, hogy hasonl\u00f3 lesz az \u00e1ra egy f\u00e1val ig\u00e9nyesen burkolt beton vagy gipszbeton l\u00e9pcs\u0151nek mint egy \u00f6nhord\u00f3 fa l\u00e9pcs\u0151nek, s\u0151t&#8230;.<\/p><p><span style=\"color: #333333;\">Mivel elfogult vagyok a fa l\u00e9pcs\u0151k ir\u00e1ny\u00e1ban,<\/span>\u00a0k<span style=\"color: #333333;\">\u00e9rem a koll\u00e9g\u00e1kat, b\u00e1tran \u00edrjanak komment\u00e1rt. Szeretn\u00e9m ha min\u00e9l pontosabb k\u00e9pet kapn\u00e1nak megrendel\u0151ink. Minden igyekezetem ellen\u00e9re is val\u00f3sz\u00edn\u0171leg nem teljes a felsorol\u00e1s, s\u0151t lehet, hogy valahol t\u00e9vedtem is.<\/span><\/p><\/div>\t\t\t\t\t\t<\/div>\n\t\t\t\t<\/div>\n\t\t\t\t<div class=\"elementor-element elementor-element-3136b53 elementor-widget elementor-widget-global elementor-global-2912 elementor-widget-text-editor\" data-id=\"3136b53\" data-element_type=\"widget\" data-widget_type=\"text-editor.default\">\n\t\t\t\t<div class=\"elementor-widget-container\">\n\t\t\t\t\t\t\t\t\t\t\t\t\t<\/div>\n\t\t\t\t<\/div>\n\t\t\t\t\t<\/div>\n\t\t<\/div>\n\t\t\t\t\t<\/div>\n\t\t<\/section>\n\t\t\t\t<\/div>\n\t\t","protected":false},"excerpt":{"rendered":"<p>Milyen l\u00e9pcs\u0151re van sz\u00fcks\u00e9ge? Seg\u00edts\u00e9g a v\u00e1laszt\u00e1shoz Az els\u0151 \u00e9s legfontosabb amit el kell d\u00f6nten\u00fcnk a leend\u0151 l\u00e9pcs\u0151nkr\u0151l, hogy &#8211; egy sz\u00fcks\u00e9ges rossz k\u00e9nt tekint\u00fcnk r\u00e1, vagy &#8211; fontosabb szerepet sz\u00e1nunk neki, \u00e9s a funkci\u00f3j\u00e1n k\u00edv\u00fcl szeretn\u00e9nk ha emeln\u00e9 a lak\u00f3t\u00e9r eszt\u00e9tikum\u00e1t is. Ha csak &#8222;sz\u00fcks\u00e9ges rossz&#8221; k\u00e9nt gondolunk a l\u00e9pcs\u0151re. Akkor ebben az esetben [&hellip;]<\/p>\n","protected":false},"author":1,"featured_media":4527,"parent":0,"menu_order":0,"comment_status":"open","ping_status":"closed","template":"elementor_header_footer","meta":{"om_disable_all_campaigns":false,"_monsterinsights_skip_tracking":false,"_monsterinsights_sitenote_active":false,"_monsterinsights_sitenote_note":"","_monsterinsights_sitenote_category":0,"footnotes":""},"class_list":["post-2276","page","type-page","status-publish","has-post-thumbnail","hentry"],"aioseo_notices":[],"_links":{"self":[{"href":"https:\/\/lepcsok.eu\/index.php?rest_route=\/wp\/v2\/pages\/2276","targetHints":{"allow":["GET"]}}],"collection":[{"href":"https:\/\/lepcsok.eu\/index.php?rest_route=\/wp\/v2\/pages"}],"about":[{"href":"https:\/\/lepcsok.eu\/index.php?rest_route=\/wp\/v2\/types\/page"}],"author":[{"embeddable":true,"href":"https:\/\/lepcsok.eu\/index.php?rest_route=\/wp\/v2\/users\/1"}],"replies":[{"embeddable":true,"href":"https:\/\/lepcsok.eu\/index.php?rest_route=%2Fwp%2Fv2%2Fcomments&post=2276"}],"version-history":[{"count":41,"href":"https:\/\/lepcsok.eu\/index.php?rest_route=\/wp\/v2\/pages\/2276\/revisions"}],"predecessor-version":[{"id":7286,"href":"https:\/\/lepcsok.eu\/index.php?rest_route=\/wp\/v2\/pages\/2276\/revisions\/7286"}],"wp:featuredmedia":[{"embeddable":true,"href":"https:\/\/lepcsok.eu\/index.php?rest_route=\/wp\/v2\/media\/4527"}],"wp:attachment":[{"href":"https:\/\/lepcsok.eu\/index.php?rest_route=%2Fwp%2Fv2%2Fmedia&parent=2276"}],"curies":[{"name":"wp","href":"https:\/\/api.w.org\/{rel}","templated":true}]}}