{"id":1676,"date":"2022-11-27T23:05:23","date_gmt":"2022-11-27T23:05:23","guid":{"rendered":"https:\/\/lepcsok.eu\/?page_id=1676"},"modified":"2025-08-25T11:36:55","modified_gmt":"2025-08-25T11:36:55","slug":"hasznos-lepcsos-linkek-gyujtemenye","status":"publish","type":"page","link":"https:\/\/lepcsok.eu\/?page_id=1676","title":{"rendered":"Hasznos l\u00e9pcs\u0151s linkek gy\u0171jtem\u00e9nye"},"content":{"rendered":"\t\t<div data-elementor-type=\"wp-page\" data-elementor-id=\"1676\" class=\"elementor elementor-1676\" data-elementor-post-type=\"page\">\n\t\t\t\t\t\t<section class=\"elementor-section elementor-top-section elementor-element elementor-element-f709a5a elementor-section-boxed elementor-section-height-default elementor-section-height-default\" data-id=\"f709a5a\" data-element_type=\"section\">\n\t\t\t\t\t\t<div class=\"elementor-container elementor-column-gap-default\">\n\t\t\t\t\t<div class=\"elementor-column elementor-col-100 elementor-top-column elementor-element elementor-element-91dd067\" data-id=\"91dd067\" data-element_type=\"column\">\n\t\t\t<div class=\"elementor-widget-wrap elementor-element-populated\">\n\t\t\t\t\t\t<div class=\"elementor-element elementor-element-a1be025 elementor-widget elementor-widget-text-editor\" data-id=\"a1be025\" data-element_type=\"widget\" data-widget_type=\"text-editor.default\">\n\t\t\t\t<div class=\"elementor-widget-container\">\n\t\t\t<style>\/*! elementor - v3.19.0 - 28-02-2024 *\/\n.elementor-widget-text-editor.elementor-drop-cap-view-stacked .elementor-drop-cap{background-color:#69727d;color:#fff}.elementor-widget-text-editor.elementor-drop-cap-view-framed .elementor-drop-cap{color:#69727d;border:3px solid;background-color:transparent}.elementor-widget-text-editor:not(.elementor-drop-cap-view-default) .elementor-drop-cap{margin-top:8px}.elementor-widget-text-editor:not(.elementor-drop-cap-view-default) .elementor-drop-cap-letter{width:1em;height:1em}.elementor-widget-text-editor .elementor-drop-cap{float:left;text-align:center;line-height:1;font-size:50px}.elementor-widget-text-editor .elementor-drop-cap-letter{display:inline-block}<\/style>\t\t\t\t<p>L\u00e9pcs\u0151 gy\u0171jtem\u00e9nyem a Pinteresten:<br \/><a href=\"https:\/\/hu.pinterest.com\/tiborfuleki\/l%C3%A9pcs%C5%91k\/\" target=\"_blank\" rel=\"noopener\">https:\/\/hu.pinterest.com\/tiborfuleki\/l%C3%A9pcs%C5%91k\/<\/a><\/p><p>\u00e9s korl\u00e1tok:<br \/><a href=\"https:\/\/hu.pinterest.com\/tiborfuleki\/korl%C3%A1tok-railing\/\" target=\"_blank\" rel=\"noopener\">https:\/\/hu.pinterest.com\/tiborfuleki\/korl%C3%A1tok-railing\/<\/a><\/p><p>P\u00e1r olyan k\u00fclf\u00f6ldi c\u00e9g aki sz\u00edvesen k\u00eds\u00e9rletezik \u00faj megold\u00e1sokkal:<br \/>Egy nagyon tehets\u00e9ges lengyel c\u00e9g:<br \/><a href=\"https:\/\/trabczynski.com.pl\/project\/\">https:\/\/trabczynski.com.pl\/project\/<\/a><\/p><p>Angliai nem &#8222;sablonos&#8221; l\u00e9pcs\u0151s c\u00e9g:<br \/><a href=\"https:\/\/www.spiralstairs.co.uk\/residential-gallery\/\" target=\"_blank\" rel=\"noopener\">https:\/\/www.spiralstairs.co.uk\/residential-gallery\/<\/a><\/p><p>A nagy n\u00e9met egyedi l\u00e9pcs\u0151gy\u00e1rt\u00f3 c\u00e9g<br \/><a href=\"https:\/\/www.sillertreppen.com\/alle-treppen-modelle\/\" target=\"_blank\" rel=\"noopener\">https:\/\/www.sillertreppen.com\/alle-treppen-modelle\/<\/a><\/p><p>Egy nagy nemzetk\u00f6zi: (tal\u00e1n hollandok?)<br \/><a href=\"https:\/\/www.eestairs.de\/en\/products\" target=\"_blank\" rel=\"noopener\">https:\/\/www.eestairs.de\/en\/products<\/a><\/p><p>A r\u00e9gi honlapom:<br \/><a href=\"https:\/\/lepcsok.eoldal.hu\">https:\/\/lepcsok.eoldal.hu<\/a><\/p><p>Beton l\u00e9pcs\u0151 profilok:<br \/><a href=\"https:\/\/eu.schluter.com\/hu-HU\/lepcsoprolok-283.html\">https:\/\/eu.schluter.com\/hu-HU\/lepcsoprolok-283.html<\/a><\/p>\t\t\t\t\t\t<\/div>\n\t\t\t\t<\/div>\n\t\t\t\t\t<\/div>\n\t\t<\/div>\n\t\t\t\t\t<\/div>\n\t\t<\/section>\n\t\t\t\t<\/div>\n\t\t","protected":false},"excerpt":{"rendered":"<p>L\u00e9pcs\u0151 gy\u0171jtem\u00e9nyem a Pinteresten:https:\/\/hu.pinterest.com\/tiborfuleki\/l%C3%A9pcs%C5%91k\/ \u00e9s korl\u00e1tok:https:\/\/hu.pinterest.com\/tiborfuleki\/korl%C3%A1tok-railing\/ P\u00e1r olyan k\u00fclf\u00f6ldi c\u00e9g aki sz\u00edvesen k\u00eds\u00e9rletezik \u00faj megold\u00e1sokkal:Egy nagyon tehets\u00e9ges lengyel c\u00e9g:https:\/\/trabczynski.com.pl\/project\/ Angliai nem &#8222;sablonos&#8221; l\u00e9pcs\u0151s c\u00e9g:https:\/\/www.spiralstairs.co.uk\/residential-gallery\/ A nagy n\u00e9met egyedi l\u00e9pcs\u0151gy\u00e1rt\u00f3 c\u00e9ghttps:\/\/www.sillertreppen.com\/alle-treppen-modelle\/ Egy nagy nemzetk\u00f6zi: (tal\u00e1n hollandok?)https:\/\/www.eestairs.de\/en\/products A r\u00e9gi honlapom:https:\/\/lepcsok.eoldal.hu Beton l\u00e9pcs\u0151 profilok:https:\/\/eu.schluter.com\/hu-HU\/lepcsoprolok-283.html<\/p>\n","protected":false},"author":1,"featured_media":0,"parent":0,"menu_order":0,"comment_status":"closed","ping_status":"closed","template":"elementor_header_footer","meta":{"om_disable_all_campaigns":false,"_monsterinsights_skip_tracking":false,"_monsterinsights_sitenote_active":false,"_monsterinsights_sitenote_note":"","_monsterinsights_sitenote_category":0,"footnotes":""},"class_list":["post-1676","page","type-page","status-publish","hentry"],"aioseo_notices":[],"_links":{"self":[{"href":"https:\/\/lepcsok.eu\/index.php?rest_route=\/wp\/v2\/pages\/1676","targetHints":{"allow":["GET"]}}],"collection":[{"href":"https:\/\/lepcsok.eu\/index.php?rest_route=\/wp\/v2\/pages"}],"about":[{"href":"https:\/\/lepcsok.eu\/index.php?rest_route=\/wp\/v2\/types\/page"}],"author":[{"embeddable":true,"href":"https:\/\/lepcsok.eu\/index.php?rest_route=\/wp\/v2\/users\/1"}],"replies":[{"embeddable":true,"href":"https:\/\/lepcsok.eu\/index.php?rest_route=%2Fwp%2Fv2%2Fcomments&post=1676"}],"version-history":[{"count":56,"href":"https:\/\/lepcsok.eu\/index.php?rest_route=\/wp\/v2\/pages\/1676\/revisions"}],"predecessor-version":[{"id":8383,"href":"https:\/\/lepcsok.eu\/index.php?rest_route=\/wp\/v2\/pages\/1676\/revisions\/8383"}],"wp:attachment":[{"href":"https:\/\/lepcsok.eu\/index.php?rest_route=%2Fwp%2Fv2%2Fmedia&parent=1676"}],"curies":[{"name":"wp","href":"https:\/\/api.w.org\/{rel}","templated":true}]}}